{"id":21630,"date":"2026-02-02T16:49:35","date_gmt":"2026-02-02T15:49:35","guid":{"rendered":"https:\/\/augustushotels.es\/travaillez-avec-nous\/"},"modified":"2026-02-24T15:40:30","modified_gmt":"2026-02-24T14:40:30","slug":"travaillez-avec-nous","status":"publish","type":"page","link":"https:\/\/augustushotels.es\/fr\/travaillez-avec-nous\/","title":{"rendered":"Travaillez avec nous"},"content":{"rendered":"\t\t<div data-elementor-type=\"wp-page\" data-elementor-id=\"21630\" class=\"elementor elementor-21630 elementor-18586\" data-elementor-post-type=\"page\">\n\t\t\t\t<div class=\"elementor-element elementor-element-2641406 cs-section-content-fullwidth cs_scroll_y_120 cs-parallax-on-scroll e-flex e-con-boxed e-con e-parent\" data-id=\"2641406\" data-element_type=\"container\" data-e-type=\"container\" data-settings=\"{&quot;background_background&quot;:&quot;classic&quot;}\" data-cs-parallax-y=\"120\" style=\"background-image: none;\" data-cs-background-image=\"https:\/\/augustushotels.es\/wp-content\/uploads\/2026\/02\/recepcion-cesar.webp\">\n\t\t\t\t\t<div class=\"e-con-inner\">\n\t\t\t\t<div class=\"elementor-element elementor-element-96afd1a elementor-widget elementor-widget-heading\" data-id=\"96afd1a\" data-element_type=\"widget\" data-e-type=\"widget\" data-widget_type=\"heading.default\">\n\t\t\t\t\t<h1 class=\"elementor-heading-title elementor-size-default\">Travaillez avec nous<\/h1>\t\t\t\t<\/div>\n\t\t\t\t\t<\/div>\n\t\t\t\t<\/div>\n\t\t<div class=\"elementor-element elementor-element-1aae51e e-flex e-con-boxed e-con e-parent\" data-id=\"1aae51e\" data-element_type=\"container\" data-e-type=\"container\">\n\t\t\t\t\t<div class=\"e-con-inner\">\n\t\t\t\t<div class=\"elementor-element elementor-element-1c2b8c2 elementor-widget elementor-widget-cs_title\" data-id=\"1c2b8c2\" data-element_type=\"widget\" data-e-type=\"widget\" data-widget_type=\"cs_title.default\">\n\t\t\t\t<div class=\"elementor-widget-container\">\n\t\t\t\t\t\n        <div class=\"cs-title-wrap text-center\">\t            <div class=\"cs-subtitle-wrap\"><span class=\"cs-subtitle\">CONTACT<\/span><\/div>\t            <h2 class=\"cs-title\">\n\t                Travaillez avec nous\t            <\/h2>        <\/div>\t\t\t\t<\/div>\n\t\t\t\t<\/div>\n\t\t\t\t\t<\/div>\n\t\t\t\t<\/div>\n\t\t<div class=\"elementor-element elementor-element-31692ed e-flex e-con-boxed e-con e-parent\" data-id=\"31692ed\" data-element_type=\"container\" data-e-type=\"container\">\n\t\t\t\t\t<div class=\"e-con-inner\">\n\t\t<div class=\"elementor-element elementor-element-bc245a6 e-con-full e-flex e-con e-child\" data-id=\"bc245a6\" data-element_type=\"container\" data-e-type=\"container\">\n\t\t\t\t<div class=\"elementor-element elementor-element-0745d64 elementor-widget elementor-widget-text-editor\" data-id=\"0745d64\" data-element_type=\"widget\" data-e-type=\"widget\" data-widget_type=\"text-editor.default\">\n\t\t\t\t\t\t\t\t\t<p><span style=\"font-weight: 400\">Chez Augustus Hotels, nous nous effor\u00e7ons de cr\u00e9er des exp\u00e9riences inoubliables pour nos clients, et nous savons que notre \u00e9quipe, engag\u00e9e et passionn\u00e9e, est la cl\u00e9 de notre r\u00e9ussite. <\/span><\/p><p><span style=\"font-weight: 400\">C\u2019est pourquoi nous recherchons en permanence des candidats pour les postes suivants :<\/span><\/p>\t\t\t\t\t\t\t\t<\/div>\n\t\t\t\t<div class=\"elementor-element elementor-element-b07b660 elementor-widget elementor-widget-text-editor\" data-id=\"b07b660\" data-element_type=\"widget\" data-e-type=\"widget\" data-widget_type=\"text-editor.default\">\n\t\t\t\t\t\t\t\t\t<ul><li><span style=\"font-weight: 400\">R\u00e9ception<\/span><\/li><li><span style=\"font-weight: 400\">Animation<\/span><\/li><li><span style=\"font-weight: 400\">Restauration<\/span><\/li><li><span style=\"font-weight: 400\">Marketing<\/span><\/li><li><span style=\"font-weight: 400\">Maintenance<\/span><\/li><li><span style=\"font-weight: 400\">Limpieza<\/span><\/li><\/ul>\t\t\t\t\t\t\t\t<\/div>\n\t\t\t\t<div class=\"elementor-element elementor-element-e20df47 elementor-widget elementor-widget-text-editor\" data-id=\"e20df47\" data-element_type=\"widget\" data-e-type=\"widget\" data-widget_type=\"text-editor.default\">\n\t\t\t\t\t\t\t\t\t<p>Chaque poste requiert un ensemble de comp\u00e9tences et de qualit\u00e9s sp\u00e9cifiques, mais tous partagent notre philosophie : offrir un service attentionn\u00e9 et professionnel \u00e0 nos clients. De plus, nous proposons une r\u00e9mun\u00e9ration comp\u00e9titive et un environnement de travail agr\u00e9able et collaboratif. <\/p>\t\t\t\t\t\t\t\t<\/div>\n\t\t\t\t<\/div>\n\t\t<div class=\"elementor-element elementor-element-141ef11 e-con-full e-flex e-con e-child\" data-id=\"141ef11\" data-element_type=\"container\" data-e-type=\"container\">\n\t\t\t\t<div class=\"elementor-element elementor-element-08b6c62 elementor-widget__width-initial elementor-widget elementor-widget-image\" data-id=\"08b6c62\" data-element_type=\"widget\" data-e-type=\"widget\" data-widget_type=\"image.default\">\n\t\t\t\t\t\t\t\t\t\t\t\t\t\t\t<img fetchpriority=\"high\" decoding=\"async\" width=\"2000\" height=\"1333\" src=\"https:\/\/augustushotels.es\/wp-content\/uploads\/2026\/02\/trabaja-nosotros.webp\" class=\"attachment-full size-full wp-image-21629\" alt=\"\" srcset=\"https:\/\/augustushotels.es\/wp-content\/uploads\/2026\/02\/trabaja-nosotros.webp 2000w, https:\/\/augustushotels.es\/wp-content\/uploads\/2026\/02\/trabaja-nosotros-300x200.webp 300w, https:\/\/augustushotels.es\/wp-content\/uploads\/2026\/02\/trabaja-nosotros-1024x682.webp 1024w, https:\/\/augustushotels.es\/wp-content\/uploads\/2026\/02\/trabaja-nosotros-768x512.webp 768w, https:\/\/augustushotels.es\/wp-content\/uploads\/2026\/02\/trabaja-nosotros-1536x1024.webp 1536w, https:\/\/augustushotels.es\/wp-content\/uploads\/2026\/02\/trabaja-nosotros-1920x1280.webp 1920w, https:\/\/augustushotels.es\/wp-content\/uploads\/2026\/02\/trabaja-nosotros-1440x960.webp 1440w, https:\/\/augustushotels.es\/wp-content\/uploads\/2026\/02\/trabaja-nosotros-1200x800.webp 1200w, https:\/\/augustushotels.es\/wp-content\/uploads\/2026\/02\/trabaja-nosotros-780x520.webp 780w, https:\/\/augustushotels.es\/wp-content\/uploads\/2026\/02\/trabaja-nosotros-600x400.webp 600w, https:\/\/augustushotels.es\/wp-content\/uploads\/2026\/02\/trabaja-nosotros-550x367.webp 550w, https:\/\/augustushotels.es\/wp-content\/uploads\/2026\/02\/trabaja-nosotros-370x247.webp 370w, https:\/\/augustushotels.es\/wp-content\/uploads\/2026\/02\/trabaja-nosotros-255x170.webp 255w\" sizes=\"(max-width: 2000px) 100vw, 2000px\" \/>\t\t\t\t\t\t\t\t\t\t\t\t\t\t\t<\/div>\n\t\t\t\t<\/div>\n\t\t\t\t\t<\/div>\n\t\t\t\t<\/div>\n\t\t<div class=\"elementor-element elementor-element-a73fb0e e-flex e-con-boxed e-con e-parent\" data-id=\"a73fb0e\" data-element_type=\"container\" data-e-type=\"container\">\n\t\t\t\t\t<div class=\"e-con-inner\">\n\t\t\t\t<div class=\"elementor-element elementor-element-3a336d4 elementor-widget elementor-widget-text-editor\" data-id=\"3a336d4\" data-element_type=\"widget\" data-e-type=\"widget\" data-widget_type=\"text-editor.default\">\n\t\t\t\t\t\t\t\t\t<p>Si vous souhaitez rejoindre notre \u00e9quipe, envoyez votre CV \u00e0 <span style=\"color: #1e73be\"><a href=\"mailto:rrhh@hotelaugustus.es\">rrhh@hotelaugustus.es <\/a><\/span>en pr\u00e9cisant le poste qui vous int\u00e9resse.<\/p><p><span style=\"font-weight: 400\">Merci de vouloir faire partie de la famille Augustus Hotels !<\/span><\/p>\t\t\t\t\t\t\t\t<\/div>\n\t\t\t\t\t<\/div>\n\t\t\t\t<\/div>\n\t\t\t\t<\/div>\n\t\t","protected":false},"excerpt":{"rendered":"<p>Travaillez avec nous CONTACT Travaillez avec nous Chez Augustus Hotels, nous nous effor\u00e7ons de cr\u00e9er des exp\u00e9riences inoubliables pour nos clients, et nous savons que notre \u00e9quipe, engag\u00e9e et passionn\u00e9e, est la cl\u00e9 de notre r\u00e9ussite. C\u2019est pourquoi nous recherchons en permanence des candidats pour les postes suivants : R\u00e9ception Animation Restauration Marketing Maintenance Limpieza &#8230;<\/p>\n","protected":false},"author":1,"featured_media":0,"parent":0,"menu_order":0,"comment_status":"closed","ping_status":"closed","template":"elementor_header_footer","meta":{"cozystay_single_page_hide_site_header":"","cozystay_single_page_site_header_source":"","cozystay_single_page_custom_site_header":"0","cozystay_single_page_custom_sticky_site_header":"0","cozystay_single_page_hide_page_title":"","cozystay_single_page_header_section_size":"","cozystay_single_page_header_background_color":"","cozystay_single_page_header_background_position_x":"center","cozystay_single_page_header_background_position_y":"center","cozystay_single_page_header_background_size":"cover","cozystay_single_page_header_background_repeat":"off","cozystay_single_page_header_background_scroll":"on","cozystay_single_page_header_text_color":"","cozystay_single_page_header_show_breadcrumb":"","cozystay_single_page_site_footer_hide_main":"","cozystay_single_custom_site_footer_main_source":"","cozystay_single_custom_site_footer_main":"0","cozystay_single_page_site_footer_hide_above":"","cozystay_single_custom_site_footer_above_source":"","cozystay_single_custom_site_footer_above":"0","cozystay_single_page_site_footer_hide_instagram":"","cozystay_single_page_site_footer_hide_bottom":"","cozystay_single_custom_mobile_menu_source":"","cozystay_single_custom_mobile_menu":"0","cozystay_single_custom_mobile_menu_animation":"","cozystay_single_custom_mobile_menu_width":"","cozystay_single_custom_mobile_menu_custom_width":375,"footnotes":""},"class_list":["post-21630","page","type-page","status-publish","hentry"],"yoast_head":"<!-- This site is optimized with the Yoast SEO plugin v27.4 - https:\/\/yoast.com\/product\/yoast-seo-wordpress\/ -->\n<title>Travaillez avec nous | Augustus Hotels<\/title>\n<meta name=\"description\" content=\"Envoyez votre CV pour travailler chez Augustus Hotels \u00e0 Cambrils. Nous avons plusieurs d\u00e9partements. Nous vous attendons !\" \/>\n<meta name=\"robots\" content=\"index, follow, max-snippet:-1, max-image-preview:large, max-video-preview:-1\" \/>\n<link rel=\"canonical\" href=\"https:\/\/augustushotels.es\/fr\/travaillez-avec-nous\/\" \/>\n<script type=\"application\/ld+json\" class=\"yoast-schema-graph\">{\"@context\":\"https:\\\/\\\/schema.org\",\"@graph\":[{\"@type\":\"WebPage\",\"@id\":\"https:\\\/\\\/augustushotels.es\\\/fr\\\/travaillez-avec-nous\\\/\",\"url\":\"https:\\\/\\\/augustushotels.es\\\/fr\\\/travaillez-avec-nous\\\/\",\"name\":\"Travaillez avec nous | Augustus Hotels\",\"isPartOf\":{\"@id\":\"https:\\\/\\\/augustushotels.es\\\/fr\\\/#website\"},\"primaryImageOfPage\":{\"@id\":\"https:\\\/\\\/augustushotels.es\\\/fr\\\/travaillez-avec-nous\\\/#primaryimage\"},\"image\":{\"@id\":\"https:\\\/\\\/augustushotels.es\\\/fr\\\/travaillez-avec-nous\\\/#primaryimage\"},\"thumbnailUrl\":\"https:\\\/\\\/augustushotels.es\\\/wp-content\\\/uploads\\\/2026\\\/02\\\/trabaja-nosotros.webp\",\"datePublished\":\"2026-02-02T15:49:35+00:00\",\"dateModified\":\"2026-02-24T14:40:30+00:00\",\"description\":\"Envoyez votre CV pour travailler chez Augustus Hotels \u00e0 Cambrils. Nous avons plusieurs d\u00e9partements. Nous vous attendons !\",\"breadcrumb\":{\"@id\":\"https:\\\/\\\/augustushotels.es\\\/fr\\\/travaillez-avec-nous\\\/#breadcrumb\"},\"inLanguage\":\"fr-FR\",\"potentialAction\":[{\"@type\":\"ReadAction\",\"target\":[\"https:\\\/\\\/augustushotels.es\\\/fr\\\/travaillez-avec-nous\\\/\"]}]},{\"@type\":\"ImageObject\",\"inLanguage\":\"fr-FR\",\"@id\":\"https:\\\/\\\/augustushotels.es\\\/fr\\\/travaillez-avec-nous\\\/#primaryimage\",\"url\":\"https:\\\/\\\/augustushotels.es\\\/wp-content\\\/uploads\\\/2026\\\/02\\\/trabaja-nosotros.webp\",\"contentUrl\":\"https:\\\/\\\/augustushotels.es\\\/wp-content\\\/uploads\\\/2026\\\/02\\\/trabaja-nosotros.webp\"},{\"@type\":\"BreadcrumbList\",\"@id\":\"https:\\\/\\\/augustushotels.es\\\/fr\\\/travaillez-avec-nous\\\/#breadcrumb\",\"itemListElement\":[{\"@type\":\"ListItem\",\"position\":1,\"name\":\"Portada\",\"item\":\"https:\\\/\\\/augustushotels.es\\\/fr\\\/\"},{\"@type\":\"ListItem\",\"position\":2,\"name\":\"Travaillez avec nous\"}]},{\"@type\":\"WebSite\",\"@id\":\"https:\\\/\\\/augustushotels.es\\\/fr\\\/#website\",\"url\":\"https:\\\/\\\/augustushotels.es\\\/fr\\\/\",\"name\":\"Augustus Hotels\",\"description\":\"Hoteles en Cambrils en primera l\u00ednea de playa.\",\"publisher\":{\"@id\":\"https:\\\/\\\/augustushotels.es\\\/fr\\\/#organization\"},\"potentialAction\":[{\"@type\":\"SearchAction\",\"target\":{\"@type\":\"EntryPoint\",\"urlTemplate\":\"https:\\\/\\\/augustushotels.es\\\/fr\\\/?s={search_term_string}\"},\"query-input\":{\"@type\":\"PropertyValueSpecification\",\"valueRequired\":true,\"valueName\":\"search_term_string\"}}],\"inLanguage\":\"fr-FR\"},{\"@type\":\"Organization\",\"@id\":\"https:\\\/\\\/augustushotels.es\\\/fr\\\/#organization\",\"name\":\"Augustus Hotels\",\"url\":\"https:\\\/\\\/augustushotels.es\\\/fr\\\/\",\"logo\":{\"@type\":\"ImageObject\",\"inLanguage\":\"fr-FR\",\"@id\":\"https:\\\/\\\/augustushotels.es\\\/fr\\\/#\\\/schema\\\/logo\\\/image\\\/\",\"url\":\"https:\\\/\\\/augustushotels.es\\\/wp-content\\\/uploads\\\/2024\\\/04\\\/cropped-A2-Hoteles.png\",\"contentUrl\":\"https:\\\/\\\/augustushotels.es\\\/wp-content\\\/uploads\\\/2024\\\/04\\\/cropped-A2-Hoteles.png\",\"width\":442,\"height\":225,\"caption\":\"Augustus Hotels\"},\"image\":{\"@id\":\"https:\\\/\\\/augustushotels.es\\\/fr\\\/#\\\/schema\\\/logo\\\/image\\\/\"}}]}<\/script>\n<!-- \/ Yoast SEO plugin. -->","yoast_head_json":{"title":"Travaillez avec nous | Augustus Hotels","description":"Envoyez votre CV pour travailler chez Augustus Hotels \u00e0 Cambrils. Nous avons plusieurs d\u00e9partements. Nous vous attendons !","robots":{"index":"index","follow":"follow","max-snippet":"max-snippet:-1","max-image-preview":"max-image-preview:large","max-video-preview":"max-video-preview:-1"},"canonical":"https:\/\/augustushotels.es\/fr\/travaillez-avec-nous\/","schema":{"@context":"https:\/\/schema.org","@graph":[{"@type":"WebPage","@id":"https:\/\/augustushotels.es\/fr\/travaillez-avec-nous\/","url":"https:\/\/augustushotels.es\/fr\/travaillez-avec-nous\/","name":"Travaillez avec nous | Augustus Hotels","isPartOf":{"@id":"https:\/\/augustushotels.es\/fr\/#website"},"primaryImageOfPage":{"@id":"https:\/\/augustushotels.es\/fr\/travaillez-avec-nous\/#primaryimage"},"image":{"@id":"https:\/\/augustushotels.es\/fr\/travaillez-avec-nous\/#primaryimage"},"thumbnailUrl":"https:\/\/augustushotels.es\/wp-content\/uploads\/2026\/02\/trabaja-nosotros.webp","datePublished":"2026-02-02T15:49:35+00:00","dateModified":"2026-02-24T14:40:30+00:00","description":"Envoyez votre CV pour travailler chez Augustus Hotels \u00e0 Cambrils. Nous avons plusieurs d\u00e9partements. Nous vous attendons !","breadcrumb":{"@id":"https:\/\/augustushotels.es\/fr\/travaillez-avec-nous\/#breadcrumb"},"inLanguage":"fr-FR","potentialAction":[{"@type":"ReadAction","target":["https:\/\/augustushotels.es\/fr\/travaillez-avec-nous\/"]}]},{"@type":"ImageObject","inLanguage":"fr-FR","@id":"https:\/\/augustushotels.es\/fr\/travaillez-avec-nous\/#primaryimage","url":"https:\/\/augustushotels.es\/wp-content\/uploads\/2026\/02\/trabaja-nosotros.webp","contentUrl":"https:\/\/augustushotels.es\/wp-content\/uploads\/2026\/02\/trabaja-nosotros.webp"},{"@type":"BreadcrumbList","@id":"https:\/\/augustushotels.es\/fr\/travaillez-avec-nous\/#breadcrumb","itemListElement":[{"@type":"ListItem","position":1,"name":"Portada","item":"https:\/\/augustushotels.es\/fr\/"},{"@type":"ListItem","position":2,"name":"Travaillez avec nous"}]},{"@type":"WebSite","@id":"https:\/\/augustushotels.es\/fr\/#website","url":"https:\/\/augustushotels.es\/fr\/","name":"Augustus Hotels","description":"Hoteles en Cambrils en primera l\u00ednea de playa.","publisher":{"@id":"https:\/\/augustushotels.es\/fr\/#organization"},"potentialAction":[{"@type":"SearchAction","target":{"@type":"EntryPoint","urlTemplate":"https:\/\/augustushotels.es\/fr\/?s={search_term_string}"},"query-input":{"@type":"PropertyValueSpecification","valueRequired":true,"valueName":"search_term_string"}}],"inLanguage":"fr-FR"},{"@type":"Organization","@id":"https:\/\/augustushotels.es\/fr\/#organization","name":"Augustus Hotels","url":"https:\/\/augustushotels.es\/fr\/","logo":{"@type":"ImageObject","inLanguage":"fr-FR","@id":"https:\/\/augustushotels.es\/fr\/#\/schema\/logo\/image\/","url":"https:\/\/augustushotels.es\/wp-content\/uploads\/2024\/04\/cropped-A2-Hoteles.png","contentUrl":"https:\/\/augustushotels.es\/wp-content\/uploads\/2024\/04\/cropped-A2-Hoteles.png","width":442,"height":225,"caption":"Augustus Hotels"},"image":{"@id":"https:\/\/augustushotels.es\/fr\/#\/schema\/logo\/image\/"}}]}},"_links":{"self":[{"href":"https:\/\/augustushotels.es\/fr\/wp-json\/wp\/v2\/pages\/21630","targetHints":{"allow":["GET"]}}],"collection":[{"href":"https:\/\/augustushotels.es\/fr\/wp-json\/wp\/v2\/pages"}],"about":[{"href":"https:\/\/augustushotels.es\/fr\/wp-json\/wp\/v2\/types\/page"}],"author":[{"embeddable":true,"href":"https:\/\/augustushotels.es\/fr\/wp-json\/wp\/v2\/users\/1"}],"replies":[{"embeddable":true,"href":"https:\/\/augustushotels.es\/fr\/wp-json\/wp\/v2\/comments?post=21630"}],"version-history":[{"count":0,"href":"https:\/\/augustushotels.es\/fr\/wp-json\/wp\/v2\/pages\/21630\/revisions"}],"wp:attachment":[{"href":"https:\/\/augustushotels.es\/fr\/wp-json\/wp\/v2\/media?parent=21630"}],"curies":[{"name":"wp","href":"https:\/\/api.w.org\/{rel}","templated":true}]}}