{"id":21524,"date":"2026-01-28T11:08:44","date_gmt":"2026-01-28T10:08:44","guid":{"rendered":"https:\/\/augustushotels.es\/dienstleistungen\/"},"modified":"2026-02-24T10:48:51","modified_gmt":"2026-02-24T09:48:51","slug":"dienstleistungen","status":"publish","type":"page","link":"https:\/\/augustushotels.es\/de\/dienstleistungen\/","title":{"rendered":"Dienstleistungen"},"content":{"rendered":"\t\t<div data-elementor-type=\"wp-page\" data-elementor-id=\"21524\" class=\"elementor elementor-21524 elementor-17839\" data-elementor-post-type=\"page\">\n\t\t\t\t<div class=\"elementor-element elementor-element-2641406 cs-section-content-fullwidth cs_scroll_y_120 cs-parallax-on-scroll e-flex e-con-boxed e-con e-parent\" data-id=\"2641406\" data-element_type=\"container\" data-e-type=\"container\" data-settings=\"{&quot;background_background&quot;:&quot;classic&quot;}\" data-cs-parallax-y=\"120\" style=\"background-image: none;\" data-cs-background-image=\"https:\/\/augustushotels.es\/wp-content\/uploads\/2026\/02\/hotel-piscina-cambrils.webp\">\n\t\t\t\t\t<div class=\"e-con-inner\">\n\t\t\t\t<div class=\"elementor-element elementor-element-d48b93b elementor-widget elementor-widget-heading\" data-id=\"d48b93b\" data-element_type=\"widget\" data-e-type=\"widget\" data-widget_type=\"heading.default\">\n\t\t\t\t\t<h1 class=\"elementor-heading-title elementor-size-default\">Dienstleistungen<\/h1>\t\t\t\t<\/div>\n\t\t\t\t\t<\/div>\n\t\t\t\t<\/div>\n\t\t<div class=\"elementor-element elementor-element-1aae51e e-flex e-con-boxed e-con e-parent\" data-id=\"1aae51e\" data-element_type=\"container\" data-e-type=\"container\">\n\t\t\t\t\t<div class=\"e-con-inner\">\n\t\t\t\t<div class=\"elementor-element elementor-element-1c2b8c2 elementor-widget elementor-widget-cs_title\" data-id=\"1c2b8c2\" data-element_type=\"widget\" data-e-type=\"widget\" data-widget_type=\"cs_title.default\">\n\t\t\t\t<div class=\"elementor-widget-container\">\n\t\t\t\t\t\n        <div class=\"cs-title-wrap text-center\">\t            <div class=\"cs-subtitle-wrap\"><span class=\"cs-subtitle\">AUGUSTUS HOTELS<\/span><\/div>\t            <h2 class=\"cs-title\">\n\t                Unsere Dienstleistungen\t            <\/h2>\t            <div class=\"cs-title-text\">\n\t                <p class=\"heading__secondary\">Die Augustus Hotels bieten Ihnen alle Dienstleistungen, die Sie ben\u00f6tigen<\/p>\t            <\/div>        <\/div>\t\t\t\t<\/div>\n\t\t\t\t<\/div>\n\t\t\t\t\t<\/div>\n\t\t\t\t<\/div>\n\t\t<div class=\"elementor-element elementor-element-8a39020 e-flex e-con-boxed e-con e-parent\" data-id=\"8a39020\" data-element_type=\"container\" data-e-type=\"container\">\n\t\t\t\t\t<div class=\"e-con-inner\">\n\t\t\t\t<div class=\"elementor-element elementor-element-e0348be e-n-tabs-mobile elementor-widget elementor-widget-n-tabs\" data-id=\"e0348be\" data-element_type=\"widget\" data-e-type=\"widget\" data-widget_type=\"nested-tabs.default\">\n\t\t\t\t\t\t\t<div class=\"e-n-tabs\" data-widget-number=\"235096254\" aria-label=\"Tabs. Open items with Enter or Space, close with Escape and navigate using the Arrow keys.\">\n\t\t\t<div class=\"e-n-tabs-heading\" role=\"tablist\">\n\t\t\t\t\t<button id=\"e-n-tab-title-2350962541\" data-tab-title-id=\"e-n-tab-title-2350962541\" class=\"e-n-tab-title\" aria-selected=\"true\" data-tab-index=\"1\" role=\"tab\" tabindex=\"0\" aria-controls=\"e-n-tab-content-2350962541\" style=\"--n-tabs-title-order: 1;\">\n\t\t\t\t\t\t<span class=\"e-n-tab-title-text\">\n\t\t\t\tW\u00e4scheservice\t\t\t<\/span>\n\t\t<\/button>\n\t\t\t\t<button id=\"e-n-tab-title-2350962542\" data-tab-title-id=\"e-n-tab-title-2350962542\" class=\"e-n-tab-title\" aria-selected=\"false\" data-tab-index=\"2\" role=\"tab\" tabindex=\"-1\" aria-controls=\"e-n-tab-content-2350962542\" style=\"--n-tabs-title-order: 2;\">\n\t\t\t\t\t\t<span class=\"e-n-tab-title-text\">\n\t\t\t\tPrivater Parkplatz\t\t\t<\/span>\n\t\t<\/button>\n\t\t\t\t<button id=\"e-n-tab-title-2350962543\" data-tab-title-id=\"e-n-tab-title-2350962543\" class=\"e-n-tab-title\" aria-selected=\"false\" data-tab-index=\"3\" role=\"tab\" tabindex=\"-1\" aria-controls=\"e-n-tab-content-2350962543\" style=\"--n-tabs-title-order: 3;\">\n\t\t\t\t\t\t<span class=\"e-n-tab-title-text\">\n\t\t\t\tAuto- und Fahrradverleih\t\t\t<\/span>\n\t\t<\/button>\n\t\t\t\t<button id=\"e-n-tab-title-2350962544\" data-tab-title-id=\"e-n-tab-title-2350962544\" class=\"e-n-tab-title\" aria-selected=\"false\" data-tab-index=\"4\" role=\"tab\" tabindex=\"-1\" aria-controls=\"e-n-tab-content-2350962544\" style=\"--n-tabs-title-order: 4;\">\n\t\t\t\t\t\t<span class=\"e-n-tab-title-text\">\n\t\t\t\tFahrradabstellplatz\t\t\t<\/span>\n\t\t<\/button>\n\t\t\t\t<button id=\"e-n-tab-title-2350962545\" data-tab-title-id=\"e-n-tab-title-2350962545\" class=\"e-n-tab-title\" aria-selected=\"false\" data-tab-index=\"5\" role=\"tab\" tabindex=\"-1\" aria-controls=\"e-n-tab-content-2350962545\" style=\"--n-tabs-title-order: 5;\">\n\t\t\t\t\t\t<span class=\"e-n-tab-title-text\">\n\t\t\t\tMiniclub\t\t\t<\/span>\n\t\t<\/button>\n\t\t\t\t<button id=\"e-n-tab-title-2350962546\" data-tab-title-id=\"e-n-tab-title-2350962546\" class=\"e-n-tab-title\" aria-selected=\"false\" data-tab-index=\"6\" role=\"tab\" tabindex=\"-1\" aria-controls=\"e-n-tab-content-2350962546\" style=\"--n-tabs-title-order: 6;\">\n\t\t\t\t\t\t<span class=\"e-n-tab-title-text\">\n\t\t\t\tTransferservice (kostenpflichtig)\t\t\t<\/span>\n\t\t<\/button>\n\t\t\t\t<button id=\"e-n-tab-title-2350962547\" data-tab-title-id=\"e-n-tab-title-2350962547\" class=\"e-n-tab-title\" aria-selected=\"false\" data-tab-index=\"7\" role=\"tab\" tabindex=\"-1\" aria-controls=\"e-n-tab-content-2350962547\" style=\"--n-tabs-title-order: 7;\">\n\t\t\t\t\t\t<span class=\"e-n-tab-title-text\">\n\t\t\t\tArzttermine (kostenpflichtig)\t\t\t<\/span>\n\t\t<\/button>\n\t\t\t\t\t<\/div>\n\t\t\t<div class=\"e-n-tabs-content\">\n\t\t\t\t<div id=\"e-n-tab-content-2350962541\" role=\"tabpanel\" aria-labelledby=\"e-n-tab-title-2350962541\" data-tab-index=\"1\" style=\"--n-tabs-title-order: 1;\" class=\"e-active elementor-element elementor-element-579363f e-flex e-con-boxed e-con e-child\" data-id=\"579363f\" data-element_type=\"container\" data-e-type=\"container\">\n\t\t\t\t\t<div class=\"e-con-inner\">\n\t\t<div class=\"elementor-element elementor-element-2184319 e-flex e-con-boxed e-con e-child\" data-id=\"2184319\" data-element_type=\"container\" data-e-type=\"container\">\n\t\t\t\t\t<div class=\"e-con-inner\">\n\t\t\t\t<div class=\"elementor-element elementor-element-acd8364 elementor-widget elementor-widget-image\" data-id=\"acd8364\" data-element_type=\"widget\" data-e-type=\"widget\" data-widget_type=\"image.default\">\n\t\t\t\t\t\t\t\t\t\t\t\t\t\t\t<img decoding=\"async\" src=\"https:\/\/augustushotels.es\/wp-content\/uploads\/elementor\/thumbs\/lavanderia-augustus-rjbzfcwn9qtaw6wbda7kczxzyykurm8pu75akjm1w0.webp\" title=\"W\u00e4scheservice Augustus\" alt=\"W\u00e4scheservice Augustus\" loading=\"lazy\" \/>\t\t\t\t\t\t\t\t\t\t\t\t\t\t\t<\/div>\n\t\t\t\t<div class=\"elementor-element elementor-element-df6c5bb elementor-widget elementor-widget-text-editor\" data-id=\"df6c5bb\" data-element_type=\"widget\" data-e-type=\"widget\" data-widget_type=\"text-editor.default\">\n\t\t\t\t\t\t\t\t\t<p><span style=\"font-weight: 400\">Informationen zur Funktionsweise erhalten Sie an der Rezeption. <\/span><\/p>\t\t\t\t\t\t\t\t<\/div>\n\t\t\t\t\t<\/div>\n\t\t\t\t<\/div>\n\t\t\t\t\t<\/div>\n\t\t\t\t<\/div>\n\t\t<div id=\"e-n-tab-content-2350962542\" role=\"tabpanel\" aria-labelledby=\"e-n-tab-title-2350962542\" data-tab-index=\"2\" style=\"--n-tabs-title-order: 2;\" class=\" elementor-element elementor-element-1f25e35 e-flex e-con-boxed e-con e-child\" data-id=\"1f25e35\" data-element_type=\"container\" data-e-type=\"container\">\n\t\t\t\t\t<div class=\"e-con-inner\">\n\t\t<div class=\"elementor-element elementor-element-9948471 e-flex e-con-boxed e-con e-child\" data-id=\"9948471\" data-element_type=\"container\" data-e-type=\"container\">\n\t\t\t\t\t<div class=\"e-con-inner\">\n\t\t\t\t<div class=\"elementor-element elementor-element-43dbf0d elementor-widget elementor-widget-image\" data-id=\"43dbf0d\" data-element_type=\"widget\" data-e-type=\"widget\" data-widget_type=\"image.default\">\n\t\t\t\t\t\t\t\t\t\t\t\t\t\t\t<img decoding=\"async\" src=\"https:\/\/augustushotels.es\/wp-content\/uploads\/elementor\/thumbs\/parking-augustus-rjbz49f8l5mftx0l5zj4far3i79uw96sn9vxly2dcg.webp\" title=\"Parkplatz Augustus\" alt=\"Parkplatz Augustus\" loading=\"lazy\" \/>\t\t\t\t\t\t\t\t\t\t\t\t\t\t\t<\/div>\n\t\t\t\t<div class=\"elementor-element elementor-element-70f264a elementor-widget elementor-widget-text-editor\" data-id=\"70f264a\" data-element_type=\"widget\" data-e-type=\"widget\" data-widget_type=\"text-editor.default\">\n\t\t\t\t\t\t\t\t\t<p><span style=\"font-weight: 400\"> Wir verf\u00fcgen \u00fcber einen privaten, bewachten und kostenpflichtigen Parkplatz (13,50 \u20ac pro Tag f\u00fcr G\u00e4ste), der sich direkt neben dem Hotel C\u00e9sar Augustus befindet. Die maximal zul\u00e4ssige H\u00f6he betr\u00e4gt 2,50 Meter. <\/span><\/p>\t\t\t\t\t\t\t\t<\/div>\n\t\t\t\t\t<\/div>\n\t\t\t\t<\/div>\n\t\t\t\t\t<\/div>\n\t\t\t\t<\/div>\n\t\t<div id=\"e-n-tab-content-2350962543\" role=\"tabpanel\" aria-labelledby=\"e-n-tab-title-2350962543\" data-tab-index=\"3\" style=\"--n-tabs-title-order: 3;\" class=\" elementor-element elementor-element-79ebe29 e-con-full e-flex e-con e-child\" data-id=\"79ebe29\" data-element_type=\"container\" data-e-type=\"container\">\n\t\t<div class=\"elementor-element elementor-element-95ff3c6 e-flex e-con-boxed e-con e-child\" data-id=\"95ff3c6\" data-element_type=\"container\" data-e-type=\"container\">\n\t\t\t\t\t<div class=\"e-con-inner\">\n\t\t\t\t<div class=\"elementor-element elementor-element-0507f38 elementor-widget elementor-widget-image\" data-id=\"0507f38\" data-element_type=\"widget\" data-e-type=\"widget\" data-widget_type=\"image.default\">\n\t\t\t\t\t\t\t\t\t\t\t\t\t\t\t<img decoding=\"async\" src=\"https:\/\/augustushotels.es\/wp-content\/uploads\/elementor\/thumbs\/alquiler-coche-cambrils-rjbzid033ox9zcjau2xntqo0a9s2ct5ul264rd5s0g.webp\" title=\"Autovermietung in Cambrils\" alt=\"Autovermietung in Cambrils\" loading=\"lazy\" \/>\t\t\t\t\t\t\t\t\t\t\t\t\t\t\t<\/div>\n\t\t\t\t<div class=\"elementor-element elementor-element-cd56453 elementor-widget elementor-widget-text-editor\" data-id=\"cd56453\" data-element_type=\"widget\" data-e-type=\"widget\" data-widget_type=\"text-editor.default\">\n\t\t\t\t\t\t\t\t\t<p><span style=\"font-weight: 400\">Weitere Informationen erhalten Sie an der Rezeption.<\/span><\/p>\t\t\t\t\t\t\t\t<\/div>\n\t\t\t\t\t<\/div>\n\t\t\t\t<\/div>\n\t\t\t\t<\/div>\n\t\t<div id=\"e-n-tab-content-2350962544\" role=\"tabpanel\" aria-labelledby=\"e-n-tab-title-2350962544\" data-tab-index=\"4\" style=\"--n-tabs-title-order: 4;\" class=\" elementor-element elementor-element-fd5a196 e-con-full e-flex e-con e-child\" data-id=\"fd5a196\" data-element_type=\"container\" data-e-type=\"container\">\n\t\t<div class=\"elementor-element elementor-element-251e01e e-flex e-con-boxed e-con e-child\" data-id=\"251e01e\" data-element_type=\"container\" data-e-type=\"container\">\n\t\t\t\t\t<div class=\"e-con-inner\">\n\t\t\t\t<div class=\"elementor-element elementor-element-006a277 elementor-widget elementor-widget-image\" data-id=\"006a277\" data-element_type=\"widget\" data-e-type=\"widget\" data-widget_type=\"image.default\">\n\t\t\t\t\t\t\t\t\t\t\t\t\t\t\t<img decoding=\"async\" src=\"https:\/\/augustushotels.es\/wp-content\/uploads\/elementor\/thumbs\/cicloturismo-cambrils-rjbx4tot6ftxgss6b3vuxbpy7zdlwdl6tozgkvzi8g.webp\" title=\"Radtour Cambrils\" alt=\"Radtour Cambrils\" loading=\"lazy\" \/>\t\t\t\t\t\t\t\t\t\t\t\t\t\t\t<\/div>\n\t\t\t\t<div class=\"elementor-element elementor-element-9dab7af elementor-widget elementor-widget-text-editor\" data-id=\"9dab7af\" data-element_type=\"widget\" data-e-type=\"widget\" data-widget_type=\"text-editor.default\">\n\t\t\t\t\t\t\t\t\t<p><span style=\"font-weight: 400\">Wir verf\u00fcgen \u00fcber einen alarmgesicherten Raum mit Platz f\u00fcr 55 Fahrr\u00e4der sowie einen Werkstatt- und einen Waschbereich.<\/span><\/p>\t\t\t\t\t\t\t\t<\/div>\n\t\t\t\t\t<\/div>\n\t\t\t\t<\/div>\n\t\t\t\t<\/div>\n\t\t<div id=\"e-n-tab-content-2350962545\" role=\"tabpanel\" aria-labelledby=\"e-n-tab-title-2350962545\" data-tab-index=\"5\" style=\"--n-tabs-title-order: 5;\" class=\" elementor-element elementor-element-ed8628f e-flex e-con-boxed e-con e-child\" data-id=\"ed8628f\" data-element_type=\"container\" data-e-type=\"container\">\n\t\t\t\t\t<div class=\"e-con-inner\">\n\t\t<div class=\"elementor-element elementor-element-0347e65 e-flex e-con-boxed e-con e-child\" data-id=\"0347e65\" data-element_type=\"container\" data-e-type=\"container\">\n\t\t\t\t\t<div class=\"e-con-inner\">\n\t\t\t\t<div class=\"elementor-element elementor-element-d7dd0f5 elementor-widget elementor-widget-image\" data-id=\"d7dd0f5\" data-element_type=\"widget\" data-e-type=\"widget\" data-widget_type=\"image.default\">\n\t\t\t\t\t\t\t\t\t\t\t\t\t\t\t<img decoding=\"async\" src=\"https:\/\/augustushotels.es\/wp-content\/uploads\/elementor\/thumbs\/Miniclub-Augustus-rjbzb9bzgr7a9euob0f4zj6mpgs874yuxwq283ov0w.webp\" title=\"Kinderclub Augustus\" alt=\"Kinderclub Augustus\" loading=\"lazy\" \/>\t\t\t\t\t\t\t\t\t\t\t\t\t\t\t<\/div>\n\t\t\t\t<div class=\"elementor-element elementor-element-bfd1fec elementor-widget elementor-widget-text-editor\" data-id=\"bfd1fec\" data-element_type=\"widget\" data-e-type=\"widget\" data-widget_type=\"text-editor.default\">\n\t\t\t\t\t\t\t\t\t<p><span style=\"font-weight: 400\">Service f\u00fcr Kinder von 4 bis 12 Jahren. Die Eltern m\u00fcssen im Hotel bleiben, w\u00e4hrend die Kinder im Miniclub sind. Im Hotel C\u00e9sar Augustus ist dieser Service nur von Juni bis September verf\u00fcgbar.  <\/span><\/p>\t\t\t\t\t\t\t\t<\/div>\n\t\t\t\t\t<\/div>\n\t\t\t\t<\/div>\n\t\t\t\t\t<\/div>\n\t\t\t\t<\/div>\n\t\t<div id=\"e-n-tab-content-2350962546\" role=\"tabpanel\" aria-labelledby=\"e-n-tab-title-2350962546\" data-tab-index=\"6\" style=\"--n-tabs-title-order: 6;\" class=\" elementor-element elementor-element-ea96fd6 e-flex e-con-boxed e-con e-child\" data-id=\"ea96fd6\" data-element_type=\"container\" data-e-type=\"container\">\n\t\t\t\t\t<div class=\"e-con-inner\">\n\t\t<div class=\"elementor-element elementor-element-e456888 e-flex e-con-boxed e-con e-child\" data-id=\"e456888\" data-element_type=\"container\" data-e-type=\"container\">\n\t\t\t\t\t<div class=\"e-con-inner\">\n\t\t\t\t<div class=\"elementor-element elementor-element-2d43399 elementor-widget elementor-widget-image\" data-id=\"2d43399\" data-element_type=\"widget\" data-e-type=\"widget\" data-widget_type=\"image.default\">\n\t\t\t\t\t\t\t\t\t\t\t\t\t\t\t<img decoding=\"async\" src=\"https:\/\/augustushotels.es\/wp-content\/uploads\/elementor\/thumbs\/transfer-augustus-rjbzmep2j0gpywno7bwu27wgcztyhw88t3ae595r80.webp\" title=\"transfer augustus\" alt=\"transfer augustus\" loading=\"lazy\" \/>\t\t\t\t\t\t\t\t\t\t\t\t\t\t\t<\/div>\n\t\t\t\t<div class=\"elementor-element elementor-element-297755c elementor-widget elementor-widget-text-editor\" data-id=\"297755c\" data-element_type=\"widget\" data-e-type=\"widget\" data-widget_type=\"text-editor.default\">\n\t\t\t\t\t\t\t\t\t<p><span style=\"font-weight: 400\">Weitere Informationen erhalten Sie an der Rezeption.<\/span><\/p>\t\t\t\t\t\t\t\t<\/div>\n\t\t\t\t\t<\/div>\n\t\t\t\t<\/div>\n\t\t\t\t\t<\/div>\n\t\t\t\t<\/div>\n\t\t<div id=\"e-n-tab-content-2350962547\" role=\"tabpanel\" aria-labelledby=\"e-n-tab-title-2350962547\" data-tab-index=\"7\" style=\"--n-tabs-title-order: 7;\" class=\" elementor-element elementor-element-47bf75a e-flex e-con-boxed e-con e-child\" data-id=\"47bf75a\" data-element_type=\"container\" data-e-type=\"container\">\n\t\t\t\t\t<div class=\"e-con-inner\">\n\t\t<div class=\"elementor-element elementor-element-054963b e-flex e-con-boxed e-con e-child\" data-id=\"054963b\" data-element_type=\"container\" data-e-type=\"container\">\n\t\t\t\t\t<div class=\"e-con-inner\">\n\t\t\t\t<div class=\"elementor-element elementor-element-a0115d5 elementor-widget elementor-widget-image\" data-id=\"a0115d5\" data-element_type=\"widget\" data-e-type=\"widget\" data-widget_type=\"image.default\">\n\t\t\t\t\t\t\t\t\t\t\t\t\t\t\t<img decoding=\"async\" src=\"https:\/\/augustushotels.es\/wp-content\/uploads\/elementor\/thumbs\/doctor-augustus-rjbzrnmmopncsj18k3kuhe83rfyqh22aj2ezlvdmhc.webp\" title=\"Arzt in Augustus\" alt=\"Arzt in Augustus\" loading=\"lazy\" \/>\t\t\t\t\t\t\t\t\t\t\t\t\t\t\t<\/div>\n\t\t\t\t<div class=\"elementor-element elementor-element-64b58f6 elementor-widget elementor-widget-text-editor\" data-id=\"64b58f6\" data-element_type=\"widget\" data-e-type=\"widget\" data-widget_type=\"text-editor.default\">\n\t\t\t\t\t\t\t\t\t<p><span style=\"font-weight: 400\">Wenn Sie w\u00e4hrend Ihres Aufenthalts einen Arzt aufsuchen m\u00fcssen, k\u00fcmmern wir uns an der Rezeption darum, einen Arzt zu kontaktieren.<\/span><\/p>\t\t\t\t\t\t\t\t<\/div>\n\t\t\t\t\t<\/div>\n\t\t\t\t<\/div>\n\t\t\t\t\t<\/div>\n\t\t\t\t<\/div>\n\t\t\t\t\t<\/div>\n\t\t<\/div>\n\t\t\t\t\t\t<\/div>\n\t\t\t\t\t<\/div>\n\t\t\t\t<\/div>\n\t\t\t\t<\/div>\n\t\t","protected":false},"excerpt":{"rendered":"<p>Dienstleistungen AUGUSTUS HOTELS Unsere Dienstleistungen Die Augustus Hotels bieten Ihnen alle Dienstleistungen, die Sie ben\u00f6tigen W\u00e4scheservice Privater Parkplatz Auto- und Fahrradverleih Fahrradabstellplatz Miniclub Transferservice (kostenpflichtig) Arzttermine (kostenpflichtig) Informationen zur Funktionsweise erhalten Sie an der Rezeption. Wir verf\u00fcgen \u00fcber einen privaten, bewachten und kostenpflichtigen Parkplatz (13,50 \u20ac pro Tag f\u00fcr G\u00e4ste), der sich direkt neben dem &#8230;<\/p>\n","protected":false},"author":1,"featured_media":0,"parent":0,"menu_order":0,"comment_status":"closed","ping_status":"closed","template":"elementor_header_footer","meta":{"cozystay_single_page_hide_site_header":"","cozystay_single_page_site_header_source":"","cozystay_single_page_custom_site_header":"0","cozystay_single_page_custom_sticky_site_header":"0","cozystay_single_page_hide_page_title":"","cozystay_single_page_header_section_size":"","cozystay_single_page_header_background_color":"","cozystay_single_page_header_background_position_x":"center","cozystay_single_page_header_background_position_y":"center","cozystay_single_page_header_background_size":"cover","cozystay_single_page_header_background_repeat":"off","cozystay_single_page_header_background_scroll":"on","cozystay_single_page_header_text_color":"","cozystay_single_page_header_show_breadcrumb":"","cozystay_single_page_site_footer_hide_main":"","cozystay_single_custom_site_footer_main_source":"","cozystay_single_custom_site_footer_main":"0","cozystay_single_page_site_footer_hide_above":"","cozystay_single_custom_site_footer_above_source":"","cozystay_single_custom_site_footer_above":"0","cozystay_single_page_site_footer_hide_instagram":"","cozystay_single_page_site_footer_hide_bottom":"","cozystay_single_custom_mobile_menu_source":"","cozystay_single_custom_mobile_menu":"0","cozystay_single_custom_mobile_menu_animation":"","cozystay_single_custom_mobile_menu_width":"","cozystay_single_custom_mobile_menu_custom_width":375,"footnotes":""},"class_list":["post-21524","page","type-page","status-publish","hentry"],"yoast_head":"<!-- This site is optimized with the Yoast SEO plugin v27.4 - https:\/\/yoast.com\/product\/yoast-seo-wordpress\/ -->\n<title>Dienstleistungen | Augustus Hotels<\/title>\n<meta name=\"description\" content=\"Wir bieten W\u00e4scheservice, private Parkpl\u00e4tze, einen Kinderclub, Fahrr\u00e4der, Arzttermine, Autovermietung und vieles mehr!\" \/>\n<meta name=\"robots\" content=\"index, follow, max-snippet:-1, max-image-preview:large, max-video-preview:-1\" \/>\n<link rel=\"canonical\" href=\"https:\/\/augustushotels.es\/de\/dienstleistungen\/\" \/>\n<script type=\"application\/ld+json\" class=\"yoast-schema-graph\">{\"@context\":\"https:\\\/\\\/schema.org\",\"@graph\":[{\"@type\":\"WebPage\",\"@id\":\"https:\\\/\\\/augustushotels.es\\\/de\\\/dienstleistungen\\\/\",\"url\":\"https:\\\/\\\/augustushotels.es\\\/de\\\/dienstleistungen\\\/\",\"name\":\"Dienstleistungen | Augustus Hotels\",\"isPartOf\":{\"@id\":\"https:\\\/\\\/augustushotels.es\\\/de\\\/#website\"},\"primaryImageOfPage\":{\"@id\":\"https:\\\/\\\/augustushotels.es\\\/de\\\/dienstleistungen\\\/#primaryimage\"},\"image\":{\"@id\":\"https:\\\/\\\/augustushotels.es\\\/de\\\/dienstleistungen\\\/#primaryimage\"},\"thumbnailUrl\":\"https:\\\/\\\/augustushotels.es\\\/wp-content\\\/uploads\\\/elementor\\\/thumbs\\\/lavanderia-augustus-rjbzfcwn9qtaw6wbda7kczxzyykurm8pu75akjm1w0.webp\",\"datePublished\":\"2026-01-28T10:08:44+00:00\",\"dateModified\":\"2026-02-24T09:48:51+00:00\",\"description\":\"Wir bieten W\u00e4scheservice, private Parkpl\u00e4tze, einen Kinderclub, Fahrr\u00e4der, Arzttermine, Autovermietung und vieles mehr!\",\"breadcrumb\":{\"@id\":\"https:\\\/\\\/augustushotels.es\\\/de\\\/dienstleistungen\\\/#breadcrumb\"},\"inLanguage\":\"de\",\"potentialAction\":[{\"@type\":\"ReadAction\",\"target\":[\"https:\\\/\\\/augustushotels.es\\\/de\\\/dienstleistungen\\\/\"]}]},{\"@type\":\"ImageObject\",\"inLanguage\":\"de\",\"@id\":\"https:\\\/\\\/augustushotels.es\\\/de\\\/dienstleistungen\\\/#primaryimage\",\"url\":\"https:\\\/\\\/augustushotels.es\\\/wp-content\\\/uploads\\\/elementor\\\/thumbs\\\/lavanderia-augustus-rjbzfcwn9qtaw6wbda7kczxzyykurm8pu75akjm1w0.webp\",\"contentUrl\":\"https:\\\/\\\/augustushotels.es\\\/wp-content\\\/uploads\\\/elementor\\\/thumbs\\\/lavanderia-augustus-rjbzfcwn9qtaw6wbda7kczxzyykurm8pu75akjm1w0.webp\"},{\"@type\":\"BreadcrumbList\",\"@id\":\"https:\\\/\\\/augustushotels.es\\\/de\\\/dienstleistungen\\\/#breadcrumb\",\"itemListElement\":[{\"@type\":\"ListItem\",\"position\":1,\"name\":\"Portada\",\"item\":\"https:\\\/\\\/augustushotels.es\\\/de\\\/\"},{\"@type\":\"ListItem\",\"position\":2,\"name\":\"Dienstleistungen\"}]},{\"@type\":\"WebSite\",\"@id\":\"https:\\\/\\\/augustushotels.es\\\/de\\\/#website\",\"url\":\"https:\\\/\\\/augustushotels.es\\\/de\\\/\",\"name\":\"Augustus Hotels\",\"description\":\"Hoteles en Cambrils en primera l\u00ednea de playa.\",\"publisher\":{\"@id\":\"https:\\\/\\\/augustushotels.es\\\/de\\\/#organization\"},\"potentialAction\":[{\"@type\":\"SearchAction\",\"target\":{\"@type\":\"EntryPoint\",\"urlTemplate\":\"https:\\\/\\\/augustushotels.es\\\/de\\\/?s={search_term_string}\"},\"query-input\":{\"@type\":\"PropertyValueSpecification\",\"valueRequired\":true,\"valueName\":\"search_term_string\"}}],\"inLanguage\":\"de\"},{\"@type\":\"Organization\",\"@id\":\"https:\\\/\\\/augustushotels.es\\\/de\\\/#organization\",\"name\":\"Augustus Hotels\",\"url\":\"https:\\\/\\\/augustushotels.es\\\/de\\\/\",\"logo\":{\"@type\":\"ImageObject\",\"inLanguage\":\"de\",\"@id\":\"https:\\\/\\\/augustushotels.es\\\/de\\\/#\\\/schema\\\/logo\\\/image\\\/\",\"url\":\"https:\\\/\\\/augustushotels.es\\\/wp-content\\\/uploads\\\/2024\\\/04\\\/cropped-A2-Hoteles.png\",\"contentUrl\":\"https:\\\/\\\/augustushotels.es\\\/wp-content\\\/uploads\\\/2024\\\/04\\\/cropped-A2-Hoteles.png\",\"width\":442,\"height\":225,\"caption\":\"Augustus Hotels\"},\"image\":{\"@id\":\"https:\\\/\\\/augustushotels.es\\\/de\\\/#\\\/schema\\\/logo\\\/image\\\/\"}}]}<\/script>\n<!-- \/ Yoast SEO plugin. -->","yoast_head_json":{"title":"Dienstleistungen | Augustus Hotels","description":"Wir bieten W\u00e4scheservice, private Parkpl\u00e4tze, einen Kinderclub, Fahrr\u00e4der, Arzttermine, Autovermietung und vieles mehr!","robots":{"index":"index","follow":"follow","max-snippet":"max-snippet:-1","max-image-preview":"max-image-preview:large","max-video-preview":"max-video-preview:-1"},"canonical":"https:\/\/augustushotels.es\/de\/dienstleistungen\/","schema":{"@context":"https:\/\/schema.org","@graph":[{"@type":"WebPage","@id":"https:\/\/augustushotels.es\/de\/dienstleistungen\/","url":"https:\/\/augustushotels.es\/de\/dienstleistungen\/","name":"Dienstleistungen | Augustus Hotels","isPartOf":{"@id":"https:\/\/augustushotels.es\/de\/#website"},"primaryImageOfPage":{"@id":"https:\/\/augustushotels.es\/de\/dienstleistungen\/#primaryimage"},"image":{"@id":"https:\/\/augustushotels.es\/de\/dienstleistungen\/#primaryimage"},"thumbnailUrl":"https:\/\/augustushotels.es\/wp-content\/uploads\/elementor\/thumbs\/lavanderia-augustus-rjbzfcwn9qtaw6wbda7kczxzyykurm8pu75akjm1w0.webp","datePublished":"2026-01-28T10:08:44+00:00","dateModified":"2026-02-24T09:48:51+00:00","description":"Wir bieten W\u00e4scheservice, private Parkpl\u00e4tze, einen Kinderclub, Fahrr\u00e4der, Arzttermine, Autovermietung und vieles mehr!","breadcrumb":{"@id":"https:\/\/augustushotels.es\/de\/dienstleistungen\/#breadcrumb"},"inLanguage":"de","potentialAction":[{"@type":"ReadAction","target":["https:\/\/augustushotels.es\/de\/dienstleistungen\/"]}]},{"@type":"ImageObject","inLanguage":"de","@id":"https:\/\/augustushotels.es\/de\/dienstleistungen\/#primaryimage","url":"https:\/\/augustushotels.es\/wp-content\/uploads\/elementor\/thumbs\/lavanderia-augustus-rjbzfcwn9qtaw6wbda7kczxzyykurm8pu75akjm1w0.webp","contentUrl":"https:\/\/augustushotels.es\/wp-content\/uploads\/elementor\/thumbs\/lavanderia-augustus-rjbzfcwn9qtaw6wbda7kczxzyykurm8pu75akjm1w0.webp"},{"@type":"BreadcrumbList","@id":"https:\/\/augustushotels.es\/de\/dienstleistungen\/#breadcrumb","itemListElement":[{"@type":"ListItem","position":1,"name":"Portada","item":"https:\/\/augustushotels.es\/de\/"},{"@type":"ListItem","position":2,"name":"Dienstleistungen"}]},{"@type":"WebSite","@id":"https:\/\/augustushotels.es\/de\/#website","url":"https:\/\/augustushotels.es\/de\/","name":"Augustus Hotels","description":"Hoteles en Cambrils en primera l\u00ednea de playa.","publisher":{"@id":"https:\/\/augustushotels.es\/de\/#organization"},"potentialAction":[{"@type":"SearchAction","target":{"@type":"EntryPoint","urlTemplate":"https:\/\/augustushotels.es\/de\/?s={search_term_string}"},"query-input":{"@type":"PropertyValueSpecification","valueRequired":true,"valueName":"search_term_string"}}],"inLanguage":"de"},{"@type":"Organization","@id":"https:\/\/augustushotels.es\/de\/#organization","name":"Augustus Hotels","url":"https:\/\/augustushotels.es\/de\/","logo":{"@type":"ImageObject","inLanguage":"de","@id":"https:\/\/augustushotels.es\/de\/#\/schema\/logo\/image\/","url":"https:\/\/augustushotels.es\/wp-content\/uploads\/2024\/04\/cropped-A2-Hoteles.png","contentUrl":"https:\/\/augustushotels.es\/wp-content\/uploads\/2024\/04\/cropped-A2-Hoteles.png","width":442,"height":225,"caption":"Augustus Hotels"},"image":{"@id":"https:\/\/augustushotels.es\/de\/#\/schema\/logo\/image\/"}}]}},"_links":{"self":[{"href":"https:\/\/augustushotels.es\/de\/wp-json\/wp\/v2\/pages\/21524","targetHints":{"allow":["GET"]}}],"collection":[{"href":"https:\/\/augustushotels.es\/de\/wp-json\/wp\/v2\/pages"}],"about":[{"href":"https:\/\/augustushotels.es\/de\/wp-json\/wp\/v2\/types\/page"}],"author":[{"embeddable":true,"href":"https:\/\/augustushotels.es\/de\/wp-json\/wp\/v2\/users\/1"}],"replies":[{"embeddable":true,"href":"https:\/\/augustushotels.es\/de\/wp-json\/wp\/v2\/comments?post=21524"}],"version-history":[{"count":0,"href":"https:\/\/augustushotels.es\/de\/wp-json\/wp\/v2\/pages\/21524\/revisions"}],"wp:attachment":[{"href":"https:\/\/augustushotels.es\/de\/wp-json\/wp\/v2\/media?parent=21524"}],"curies":[{"name":"wp","href":"https:\/\/api.w.org\/{rel}","templated":true}]}}