{"id":22431,"date":"2026-01-05T01:14:46","date_gmt":"2026-01-05T00:14:46","guid":{"rendered":"https:\/\/augustushotels.es\/descarrec-de-responsabilitat\/"},"modified":"2026-03-13T15:26:28","modified_gmt":"2026-03-13T14:26:28","slug":"descarrec-de-responsabilitat","status":"publish","type":"page","link":"https:\/\/augustushotels.es\/ca\/descarrec-de-responsabilitat\/","title":{"rendered":"Desc\u00e0rrec de responsabilitat"},"content":{"rendered":"\t\t<div data-elementor-type=\"wp-page\" data-elementor-id=\"22431\" class=\"elementor elementor-22431 elementor-13888\" data-elementor-post-type=\"page\">\n\t\t\t\t<div class=\"elementor-element elementor-element-a8df9eb cs-section-content-fullwidth cs_scroll_y_120 cs-parallax-on-scroll e-flex e-con-boxed e-con e-parent\" data-id=\"a8df9eb\" data-element_type=\"container\" data-e-type=\"container\" data-settings=\"{&quot;background_background&quot;:&quot;slideshow&quot;,&quot;background_slideshow_gallery&quot;:[{&quot;id&quot;:15235,&quot;url&quot;:&quot;https:\\\/\\\/augustushotels.es\\\/wp-content\\\/uploads\\\/2026\\\/01\\\/Augustus-mar-y-piscina.webp&quot;},{&quot;id&quot;:15254,&quot;url&quot;:&quot;https:\\\/\\\/augustushotels.es\\\/wp-content\\\/uploads\\\/2026\\\/01\\\/apartamentos-augustus.webp&quot;},{&quot;id&quot;:15252,&quot;url&quot;:&quot;https:\\\/\\\/augustushotels.es\\\/wp-content\\\/uploads\\\/2026\\\/01\\\/hotel-augustus.webp&quot;}],&quot;background_slideshow_ken_burns&quot;:&quot;yes&quot;,&quot;background_slideshow_lazyload&quot;:&quot;yes&quot;,&quot;background_slideshow_loop&quot;:&quot;yes&quot;,&quot;background_slideshow_slide_duration&quot;:5000,&quot;background_slideshow_slide_transition&quot;:&quot;fade&quot;,&quot;background_slideshow_transition_duration&quot;:500,&quot;background_slideshow_ken_burns_zoom_direction&quot;:&quot;in&quot;}\" data-cs-parallax-y=\"120\">\n\t\t\t\t\t<div class=\"e-con-inner\">\n\t\t\t\t\t<\/div>\n\t\t\t\t<\/div>\n\t\t<div class=\"elementor-element elementor-element-7315c8a e-flex e-con-boxed e-con e-parent\" data-id=\"7315c8a\" data-element_type=\"container\" data-e-type=\"container\">\n\t\t\t\t\t<div class=\"e-con-inner\">\n\t\t\t\t<div class=\"elementor-element elementor-element-996df17 elementor-widget elementor-widget-cs_title\" data-id=\"996df17\" data-element_type=\"widget\" data-e-type=\"widget\" data-widget_type=\"cs_title.default\">\n\t\t\t\t<div class=\"elementor-widget-container\">\n\t\t\t\t\t\n        <div class=\"cs-title-wrap text-center\">\t            <div class=\"cs-subtitle-wrap\"><span class=\"cs-subtitle\">AUGUSTUS HOTELS<\/span><\/div>\t            <h4 class=\"cs-title\">\n\t                Desc\u00e0rrec de responsabilitat\t            <\/h4>        <\/div>\t\t\t\t<\/div>\n\t\t\t\t<\/div>\n\t\t\t\t\t<\/div>\n\t\t\t\t<\/div>\n\t\t<div class=\"elementor-element elementor-element-5e1695f5 e-flex e-con-boxed e-con e-parent\" data-id=\"5e1695f5\" data-element_type=\"container\" data-e-type=\"container\">\n\t\t\t\t\t<div class=\"e-con-inner\">\n\t\t\t\t<div class=\"elementor-element elementor-element-4057cb32 augustus-legal-txt elementor-widget elementor-widget-shortcode\" data-id=\"4057cb32\" data-element_type=\"widget\" data-e-type=\"widget\" data-widget_type=\"shortcode.default\">\n\t\t\t\t\t\t\t<div class=\"elementor-shortcode\">\n<!-- Legal document generated by Complianz | GDPR\/CCPA Cookie Consent https:\/\/wordpress.org\/plugins\/complianz-gdpr -->\n<div id=\"cmplz-document\" class=\"cmplz-document disclaimer cmplz-document-all\"><p>AUGUSTUS HOTELS (CENTUR, SL) es compromet a mantenir aquest lloc web actualitzat i prec\u00eds. Tanmateix, si trobeu alguna cosa incorrecta o obsoleta, us agrairem que ens ho feu saber. Si us plau, indiqueu on del lloc web heu llegit la informaci\u00f3. Aleshores ho mirarem tan aviat com sigui possible. Envieu la vostra resposta per correu electr\u00f2nic a: .    <\/p><p>No ens fem responsables de les p\u00e8rdues com a conseq\u00fc\u00e8ncia d'incorreccions o incompletituds, ni de les p\u00e8rdues derivades de problemes causats o inherents a la difusi\u00f3 d'informaci\u00f3 a trav\u00e9s d'Internet, com ara interrupcions o interrupcions. Quan utilitzem formularis web, ens esforcem per limitar el nombre de camps obligatoris al m\u00ednim. Per a qualsevol p\u00e8rdua patida com a conseq\u00fc\u00e8ncia de l'\u00fas de dades, consells o idees proporcionades per o en nom de AUGUSTUS HOTELS (CENTUR, SL) a trav\u00e9s d'aquest lloc web, AUGUSTUS HOTELS (CENTUR, SL) no assumeix cap responsabilitat.  <\/p><p>Tots els drets de propietat intel\u00b7lectual del contingut d'aquest lloc web corresponen a AUGUSTUS HOTELS (CENTUR, SL).<\/p><p>No es permet la c\u00f2pia, la difusi\u00f3 i qualsevol altre \u00fas d'aquests materials sense el perm\u00eds per escrit de AUGUSTUS HOTELS (CENTUR, SL), excepte i nom\u00e9s en la mesura en qu\u00e8 s'estipula el contrari en les normes de llei imperativa (com ara el dret a citar), tret que un contingut espec\u00edfic indiqui el contrari.<\/p><p>Si teniu cap pregunta o problema amb l'accessibilitat del lloc web, no dubteu a posar-vos en contacte amb nosaltres.<\/p><\/div><\/div>\n\t\t\t\t\t\t<\/div>\n\t\t\t\t\t<\/div>\n\t\t\t\t<\/div>\n\t\t\t\t<\/div>\n\t\t","protected":false},"excerpt":{"rendered":"<p>AUGUSTUS HOTELS Desc\u00e0rrec de responsabilitat<\/p>\n","protected":false},"author":1,"featured_media":0,"parent":0,"menu_order":0,"comment_status":"closed","ping_status":"closed","template":"elementor_header_footer","meta":{"cozystay_single_page_hide_site_header":"","cozystay_single_page_site_header_source":"","cozystay_single_page_custom_site_header":"0","cozystay_single_page_custom_sticky_site_header":"0","cozystay_single_page_hide_page_title":"","cozystay_single_page_header_section_size":"","cozystay_single_page_header_background_color":"","cozystay_single_page_header_background_position_x":"center","cozystay_single_page_header_background_position_y":"center","cozystay_single_page_header_background_size":"cover","cozystay_single_page_header_background_repeat":"off","cozystay_single_page_header_background_scroll":"on","cozystay_single_page_header_text_color":"","cozystay_single_page_header_show_breadcrumb":"","cozystay_single_page_site_footer_hide_main":"","cozystay_single_custom_site_footer_main_source":"","cozystay_single_custom_site_footer_main":"0","cozystay_single_page_site_footer_hide_above":"","cozystay_single_custom_site_footer_above_source":"","cozystay_single_custom_site_footer_above":"0","cozystay_single_page_site_footer_hide_instagram":"","cozystay_single_page_site_footer_hide_bottom":"","cozystay_single_custom_mobile_menu_source":"","cozystay_single_custom_mobile_menu":"0","cozystay_single_custom_mobile_menu_animation":"","cozystay_single_custom_mobile_menu_width":"","cozystay_single_custom_mobile_menu_custom_width":375,"footnotes":""},"class_list":["post-22431","page","type-page","status-publish","hentry"],"yoast_head":"<!-- This site is optimized with the Yoast SEO plugin v27.4 - https:\/\/yoast.com\/product\/yoast-seo-wordpress\/ -->\n<title>Desc\u00e0rrec de responsabilitat | Augustus Hotels<\/title>\n<meta name=\"robots\" content=\"index, follow, max-snippet:-1, max-image-preview:large, max-video-preview:-1\" \/>\n<link rel=\"canonical\" href=\"https:\/\/augustushotels.es\/ca\/descarrec-de-responsabilitat\/\" \/>\n<script type=\"application\/ld+json\" class=\"yoast-schema-graph\">{\"@context\":\"https:\\\/\\\/schema.org\",\"@graph\":[{\"@type\":\"WebPage\",\"@id\":\"https:\\\/\\\/augustushotels.es\\\/ca\\\/descarrec-de-responsabilitat\\\/\",\"url\":\"https:\\\/\\\/augustushotels.es\\\/ca\\\/descarrec-de-responsabilitat\\\/\",\"name\":\"Desc\u00e0rrec de responsabilitat | Augustus Hotels\",\"isPartOf\":{\"@id\":\"https:\\\/\\\/augustushotels.es\\\/ca\\\/#website\"},\"datePublished\":\"2026-01-05T00:14:46+00:00\",\"dateModified\":\"2026-03-13T14:26:28+00:00\",\"breadcrumb\":{\"@id\":\"https:\\\/\\\/augustushotels.es\\\/ca\\\/descarrec-de-responsabilitat\\\/#breadcrumb\"},\"inLanguage\":\"ca\",\"potentialAction\":[{\"@type\":\"ReadAction\",\"target\":[\"https:\\\/\\\/augustushotels.es\\\/ca\\\/descarrec-de-responsabilitat\\\/\"]}]},{\"@type\":\"BreadcrumbList\",\"@id\":\"https:\\\/\\\/augustushotels.es\\\/ca\\\/descarrec-de-responsabilitat\\\/#breadcrumb\",\"itemListElement\":[{\"@type\":\"ListItem\",\"position\":1,\"name\":\"Portada\",\"item\":\"https:\\\/\\\/augustushotels.es\\\/ca\\\/\"},{\"@type\":\"ListItem\",\"position\":2,\"name\":\"Desc\u00e0rrec de responsabilitat\"}]},{\"@type\":\"WebSite\",\"@id\":\"https:\\\/\\\/augustushotels.es\\\/ca\\\/#website\",\"url\":\"https:\\\/\\\/augustushotels.es\\\/ca\\\/\",\"name\":\"Augustus Hotels\",\"description\":\"Hoteles en Cambrils en primera l\u00ednea de playa.\",\"publisher\":{\"@id\":\"https:\\\/\\\/augustushotels.es\\\/ca\\\/#organization\"},\"potentialAction\":[{\"@type\":\"SearchAction\",\"target\":{\"@type\":\"EntryPoint\",\"urlTemplate\":\"https:\\\/\\\/augustushotels.es\\\/ca\\\/?s={search_term_string}\"},\"query-input\":{\"@type\":\"PropertyValueSpecification\",\"valueRequired\":true,\"valueName\":\"search_term_string\"}}],\"inLanguage\":\"ca\"},{\"@type\":\"Organization\",\"@id\":\"https:\\\/\\\/augustushotels.es\\\/ca\\\/#organization\",\"name\":\"Augustus Hotels\",\"url\":\"https:\\\/\\\/augustushotels.es\\\/ca\\\/\",\"logo\":{\"@type\":\"ImageObject\",\"inLanguage\":\"ca\",\"@id\":\"https:\\\/\\\/augustushotels.es\\\/ca\\\/#\\\/schema\\\/logo\\\/image\\\/\",\"url\":\"https:\\\/\\\/augustushotels.es\\\/wp-content\\\/uploads\\\/2024\\\/04\\\/cropped-A2-Hoteles.png\",\"contentUrl\":\"https:\\\/\\\/augustushotels.es\\\/wp-content\\\/uploads\\\/2024\\\/04\\\/cropped-A2-Hoteles.png\",\"width\":442,\"height\":225,\"caption\":\"Augustus Hotels\"},\"image\":{\"@id\":\"https:\\\/\\\/augustushotels.es\\\/ca\\\/#\\\/schema\\\/logo\\\/image\\\/\"}}]}<\/script>\n<!-- \/ Yoast SEO plugin. -->","yoast_head_json":{"title":"Desc\u00e0rrec de responsabilitat | Augustus Hotels","robots":{"index":"index","follow":"follow","max-snippet":"max-snippet:-1","max-image-preview":"max-image-preview:large","max-video-preview":"max-video-preview:-1"},"canonical":"https:\/\/augustushotels.es\/ca\/descarrec-de-responsabilitat\/","schema":{"@context":"https:\/\/schema.org","@graph":[{"@type":"WebPage","@id":"https:\/\/augustushotels.es\/ca\/descarrec-de-responsabilitat\/","url":"https:\/\/augustushotels.es\/ca\/descarrec-de-responsabilitat\/","name":"Desc\u00e0rrec de responsabilitat | Augustus Hotels","isPartOf":{"@id":"https:\/\/augustushotels.es\/ca\/#website"},"datePublished":"2026-01-05T00:14:46+00:00","dateModified":"2026-03-13T14:26:28+00:00","breadcrumb":{"@id":"https:\/\/augustushotels.es\/ca\/descarrec-de-responsabilitat\/#breadcrumb"},"inLanguage":"ca","potentialAction":[{"@type":"ReadAction","target":["https:\/\/augustushotels.es\/ca\/descarrec-de-responsabilitat\/"]}]},{"@type":"BreadcrumbList","@id":"https:\/\/augustushotels.es\/ca\/descarrec-de-responsabilitat\/#breadcrumb","itemListElement":[{"@type":"ListItem","position":1,"name":"Portada","item":"https:\/\/augustushotels.es\/ca\/"},{"@type":"ListItem","position":2,"name":"Desc\u00e0rrec de responsabilitat"}]},{"@type":"WebSite","@id":"https:\/\/augustushotels.es\/ca\/#website","url":"https:\/\/augustushotels.es\/ca\/","name":"Augustus Hotels","description":"Hoteles en Cambrils en primera l\u00ednea de playa.","publisher":{"@id":"https:\/\/augustushotels.es\/ca\/#organization"},"potentialAction":[{"@type":"SearchAction","target":{"@type":"EntryPoint","urlTemplate":"https:\/\/augustushotels.es\/ca\/?s={search_term_string}"},"query-input":{"@type":"PropertyValueSpecification","valueRequired":true,"valueName":"search_term_string"}}],"inLanguage":"ca"},{"@type":"Organization","@id":"https:\/\/augustushotels.es\/ca\/#organization","name":"Augustus Hotels","url":"https:\/\/augustushotels.es\/ca\/","logo":{"@type":"ImageObject","inLanguage":"ca","@id":"https:\/\/augustushotels.es\/ca\/#\/schema\/logo\/image\/","url":"https:\/\/augustushotels.es\/wp-content\/uploads\/2024\/04\/cropped-A2-Hoteles.png","contentUrl":"https:\/\/augustushotels.es\/wp-content\/uploads\/2024\/04\/cropped-A2-Hoteles.png","width":442,"height":225,"caption":"Augustus Hotels"},"image":{"@id":"https:\/\/augustushotels.es\/ca\/#\/schema\/logo\/image\/"}}]}},"_links":{"self":[{"href":"https:\/\/augustushotels.es\/ca\/wp-json\/wp\/v2\/pages\/22431","targetHints":{"allow":["GET"]}}],"collection":[{"href":"https:\/\/augustushotels.es\/ca\/wp-json\/wp\/v2\/pages"}],"about":[{"href":"https:\/\/augustushotels.es\/ca\/wp-json\/wp\/v2\/types\/page"}],"author":[{"embeddable":true,"href":"https:\/\/augustushotels.es\/ca\/wp-json\/wp\/v2\/users\/1"}],"replies":[{"embeddable":true,"href":"https:\/\/augustushotels.es\/ca\/wp-json\/wp\/v2\/comments?post=22431"}],"version-history":[{"count":0,"href":"https:\/\/augustushotels.es\/ca\/wp-json\/wp\/v2\/pages\/22431\/revisions"}],"wp:attachment":[{"href":"https:\/\/augustushotels.es\/ca\/wp-json\/wp\/v2\/media?parent=22431"}],"curies":[{"name":"wp","href":"https:\/\/api.w.org\/{rel}","templated":true}]}}