{"id":21634,"date":"2026-02-02T16:49:35","date_gmt":"2026-02-02T15:49:35","guid":{"rendered":"https:\/\/augustushotels.es\/treballa-amb-nosaltres\/"},"modified":"2026-02-24T15:46:15","modified_gmt":"2026-02-24T14:46:15","slug":"treballa-amb-nosaltres","status":"publish","type":"page","link":"https:\/\/augustushotels.es\/ca\/treballa-amb-nosaltres\/","title":{"rendered":"Treballa amb nosaltres"},"content":{"rendered":"\t\t<div data-elementor-type=\"wp-page\" data-elementor-id=\"21634\" class=\"elementor elementor-21634 elementor-18586\" data-elementor-post-type=\"page\">\n\t\t\t\t<div class=\"elementor-element elementor-element-2641406 cs-section-content-fullwidth cs_scroll_y_120 cs-parallax-on-scroll e-flex e-con-boxed e-con e-parent\" data-id=\"2641406\" data-element_type=\"container\" data-e-type=\"container\" data-settings=\"{&quot;background_background&quot;:&quot;classic&quot;}\" data-cs-parallax-y=\"120\" style=\"background-image: none;\" data-cs-background-image=\"https:\/\/augustushotels.es\/wp-content\/uploads\/2026\/02\/recepcion-cesar.webp\">\n\t\t\t\t\t<div class=\"e-con-inner\">\n\t\t\t\t<div class=\"elementor-element elementor-element-96afd1a elementor-widget elementor-widget-heading\" data-id=\"96afd1a\" data-element_type=\"widget\" data-e-type=\"widget\" data-widget_type=\"heading.default\">\n\t\t\t\t\t<h1 class=\"elementor-heading-title elementor-size-default\">Treballa amb nosaltres<\/h1>\t\t\t\t<\/div>\n\t\t\t\t\t<\/div>\n\t\t\t\t<\/div>\n\t\t<div class=\"elementor-element elementor-element-1aae51e e-flex e-con-boxed e-con e-parent\" data-id=\"1aae51e\" data-element_type=\"container\" data-e-type=\"container\">\n\t\t\t\t\t<div class=\"e-con-inner\">\n\t\t\t\t<div class=\"elementor-element elementor-element-1c2b8c2 elementor-widget elementor-widget-cs_title\" data-id=\"1c2b8c2\" data-element_type=\"widget\" data-e-type=\"widget\" data-widget_type=\"cs_title.default\">\n\t\t\t\t<div class=\"elementor-widget-container\">\n\t\t\t\t\t\n        <div class=\"cs-title-wrap text-center\">\t            <div class=\"cs-subtitle-wrap\"><span class=\"cs-subtitle\">CONTACTE<\/span><\/div>\t            <h2 class=\"cs-title\">\n\t                Treballa amb nosaltres\t            <\/h2>        <\/div>\t\t\t\t<\/div>\n\t\t\t\t<\/div>\n\t\t\t\t\t<\/div>\n\t\t\t\t<\/div>\n\t\t<div class=\"elementor-element elementor-element-31692ed e-flex e-con-boxed e-con e-parent\" data-id=\"31692ed\" data-element_type=\"container\" data-e-type=\"container\">\n\t\t\t\t\t<div class=\"e-con-inner\">\n\t\t<div class=\"elementor-element elementor-element-bc245a6 e-con-full e-flex e-con e-child\" data-id=\"bc245a6\" data-element_type=\"container\" data-e-type=\"container\">\n\t\t\t\t<div class=\"elementor-element elementor-element-0745d64 elementor-widget elementor-widget-text-editor\" data-id=\"0745d64\" data-element_type=\"widget\" data-e-type=\"widget\" data-widget_type=\"text-editor.default\">\n\t\t\t\t\t\t\t\t\t<p><span style=\"font-weight: 400\">A Augustus Hotels, ens esforcem per crear experi\u00e8ncies inoblidables per als nostres hostes, i sabem que el nostre equip dedicat i apassionat \u00e9s la clau per aconseguir-ho. <\/span><\/p><p><span style=\"font-weight: 400\">Per aix\u00f2, estem en constant recerca de candidats per als seg\u00fcents llocs de treball:<\/span><\/p>\t\t\t\t\t\t\t\t<\/div>\n\t\t\t\t<div class=\"elementor-element elementor-element-b07b660 elementor-widget elementor-widget-text-editor\" data-id=\"b07b660\" data-element_type=\"widget\" data-e-type=\"widget\" data-widget_type=\"text-editor.default\">\n\t\t\t\t\t\t\t\t\t<ul><li><span style=\"font-weight: 400\">Recepci\u00f3<\/span><\/li><li><span style=\"font-weight: 400\">Animaci\u00f3<\/span><\/li><li><span style=\"font-weight: 400\">Restauraci\u00f3<\/span><\/li><li><span style=\"font-weight: 400\">Marketing<\/span><\/li><li><span style=\"font-weight: 400\">Manteniment<\/span><\/li><li><span style=\"font-weight: 400\">Neteja<\/span><\/li><\/ul>\t\t\t\t\t\t\t\t<\/div>\n\t\t\t\t<div class=\"elementor-element elementor-element-e20df47 elementor-widget elementor-widget-text-editor\" data-id=\"e20df47\" data-element_type=\"widget\" data-e-type=\"widget\" data-widget_type=\"text-editor.default\">\n\t\t\t\t\t\t\t\t\t<p>Cadascun d\u2019aquests llocs requereix un conjunt \u00fanic d\u2019habilitats i qualitats, per\u00f2 tots comparteixen la nostra filosofia d\u2019oferir un servei amable i professional als nostres hostes. A m\u00e9s, oferim un salari competitiu i un entorn de treball agradable i col\u00b7laboratiu. <\/p>\t\t\t\t\t\t\t\t<\/div>\n\t\t\t\t<\/div>\n\t\t<div class=\"elementor-element elementor-element-141ef11 e-con-full e-flex e-con e-child\" data-id=\"141ef11\" data-element_type=\"container\" data-e-type=\"container\">\n\t\t\t\t<div class=\"elementor-element elementor-element-08b6c62 elementor-widget__width-initial elementor-widget elementor-widget-image\" data-id=\"08b6c62\" data-element_type=\"widget\" data-e-type=\"widget\" data-widget_type=\"image.default\">\n\t\t\t\t\t\t\t\t\t\t\t\t\t\t\t<img fetchpriority=\"high\" decoding=\"async\" width=\"2000\" height=\"1333\" src=\"https:\/\/augustushotels.es\/wp-content\/uploads\/2026\/02\/trabaja-nosotros.webp\" class=\"attachment-full size-full wp-image-21633\" alt=\"\" srcset=\"https:\/\/augustushotels.es\/wp-content\/uploads\/2026\/02\/trabaja-nosotros.webp 2000w, https:\/\/augustushotels.es\/wp-content\/uploads\/2026\/02\/trabaja-nosotros-300x200.webp 300w, https:\/\/augustushotels.es\/wp-content\/uploads\/2026\/02\/trabaja-nosotros-1024x682.webp 1024w, https:\/\/augustushotels.es\/wp-content\/uploads\/2026\/02\/trabaja-nosotros-768x512.webp 768w, https:\/\/augustushotels.es\/wp-content\/uploads\/2026\/02\/trabaja-nosotros-1536x1024.webp 1536w, https:\/\/augustushotels.es\/wp-content\/uploads\/2026\/02\/trabaja-nosotros-1920x1280.webp 1920w, https:\/\/augustushotels.es\/wp-content\/uploads\/2026\/02\/trabaja-nosotros-1440x960.webp 1440w, https:\/\/augustushotels.es\/wp-content\/uploads\/2026\/02\/trabaja-nosotros-1200x800.webp 1200w, https:\/\/augustushotels.es\/wp-content\/uploads\/2026\/02\/trabaja-nosotros-780x520.webp 780w, https:\/\/augustushotels.es\/wp-content\/uploads\/2026\/02\/trabaja-nosotros-600x400.webp 600w, https:\/\/augustushotels.es\/wp-content\/uploads\/2026\/02\/trabaja-nosotros-550x367.webp 550w, https:\/\/augustushotels.es\/wp-content\/uploads\/2026\/02\/trabaja-nosotros-370x247.webp 370w, https:\/\/augustushotels.es\/wp-content\/uploads\/2026\/02\/trabaja-nosotros-255x170.webp 255w\" sizes=\"(max-width: 2000px) 100vw, 2000px\" \/>\t\t\t\t\t\t\t\t\t\t\t\t\t\t\t<\/div>\n\t\t\t\t<\/div>\n\t\t\t\t\t<\/div>\n\t\t\t\t<\/div>\n\t\t<div class=\"elementor-element elementor-element-a73fb0e e-flex e-con-boxed e-con e-parent\" data-id=\"a73fb0e\" data-element_type=\"container\" data-e-type=\"container\">\n\t\t\t\t\t<div class=\"e-con-inner\">\n\t\t\t\t<div class=\"elementor-element elementor-element-3a336d4 elementor-widget elementor-widget-text-editor\" data-id=\"3a336d4\" data-element_type=\"widget\" data-e-type=\"widget\" data-widget_type=\"text-editor.default\">\n\t\t\t\t\t\t\t\t\t<p>Si t\u2019interessa formar part del nostre equip, envia el teu CV a <span style=\"color: #1e73be\"><a href=\"mailto:rrhh@hotelaugustus.es\">rrhh@hotelaugustus.es<\/a><\/span> detallant per a quin lloc t\u2019interessaria.<\/p><p><span style=\"font-weight: 400\">Gr\u00e0cies per voler formar part de la fam\u00edlia d\u2019Augustus Hotels!<\/span><\/p>\t\t\t\t\t\t\t\t<\/div>\n\t\t\t\t\t<\/div>\n\t\t\t\t<\/div>\n\t\t\t\t<\/div>\n\t\t","protected":false},"excerpt":{"rendered":"<p>Treballa amb nosaltres CONTACTE Treballa amb nosaltres A Augustus Hotels, ens esforcem per crear experi\u00e8ncies inoblidables per als nostres hostes, i sabem que el nostre equip dedicat i apassionat \u00e9s la clau per aconseguir-ho. Per aix\u00f2, estem en constant recerca de candidats per als seg\u00fcents llocs de treball: Recepci\u00f3 Animaci\u00f3 Restauraci\u00f3 Marketing Manteniment Neteja Cadascun &#8230;<\/p>\n","protected":false},"author":1,"featured_media":0,"parent":0,"menu_order":0,"comment_status":"closed","ping_status":"closed","template":"elementor_header_footer","meta":{"cozystay_single_page_hide_site_header":"","cozystay_single_page_site_header_source":"","cozystay_single_page_custom_site_header":"0","cozystay_single_page_custom_sticky_site_header":"0","cozystay_single_page_hide_page_title":"","cozystay_single_page_header_section_size":"","cozystay_single_page_header_background_color":"","cozystay_single_page_header_background_position_x":"center","cozystay_single_page_header_background_position_y":"center","cozystay_single_page_header_background_size":"cover","cozystay_single_page_header_background_repeat":"off","cozystay_single_page_header_background_scroll":"on","cozystay_single_page_header_text_color":"","cozystay_single_page_header_show_breadcrumb":"","cozystay_single_page_site_footer_hide_main":"","cozystay_single_custom_site_footer_main_source":"","cozystay_single_custom_site_footer_main":"0","cozystay_single_page_site_footer_hide_above":"","cozystay_single_custom_site_footer_above_source":"","cozystay_single_custom_site_footer_above":"0","cozystay_single_page_site_footer_hide_instagram":"","cozystay_single_page_site_footer_hide_bottom":"","cozystay_single_custom_mobile_menu_source":"","cozystay_single_custom_mobile_menu":"0","cozystay_single_custom_mobile_menu_animation":"","cozystay_single_custom_mobile_menu_width":"","cozystay_single_custom_mobile_menu_custom_width":375,"footnotes":""},"class_list":["post-21634","page","type-page","status-publish","hentry"],"yoast_head":"<!-- This site is optimized with the Yoast SEO plugin v27.4 - https:\/\/yoast.com\/product\/yoast-seo-wordpress\/ -->\n<title>Treballa amb nosaltres | Augustus Hotels<\/title>\n<meta name=\"description\" content=\"Envia&#039;ns el teu curr\u00edculum per treballar a Augustus Hotels a Cambrils. Tenim vacants en diversos departaments. Esperem rebre not\u00edcies teves!\" \/>\n<meta name=\"robots\" content=\"index, follow, max-snippet:-1, max-image-preview:large, max-video-preview:-1\" \/>\n<link rel=\"canonical\" href=\"https:\/\/augustushotels.es\/ca\/treballa-amb-nosaltres\/\" \/>\n<script type=\"application\/ld+json\" class=\"yoast-schema-graph\">{\"@context\":\"https:\\\/\\\/schema.org\",\"@graph\":[{\"@type\":\"WebPage\",\"@id\":\"https:\\\/\\\/augustushotels.es\\\/ca\\\/treballa-amb-nosaltres\\\/\",\"url\":\"https:\\\/\\\/augustushotels.es\\\/ca\\\/treballa-amb-nosaltres\\\/\",\"name\":\"Treballa amb nosaltres | Augustus Hotels\",\"isPartOf\":{\"@id\":\"https:\\\/\\\/augustushotels.es\\\/ca\\\/#website\"},\"primaryImageOfPage\":{\"@id\":\"https:\\\/\\\/augustushotels.es\\\/ca\\\/treballa-amb-nosaltres\\\/#primaryimage\"},\"image\":{\"@id\":\"https:\\\/\\\/augustushotels.es\\\/ca\\\/treballa-amb-nosaltres\\\/#primaryimage\"},\"thumbnailUrl\":\"https:\\\/\\\/augustushotels.es\\\/wp-content\\\/uploads\\\/2026\\\/02\\\/trabaja-nosotros.webp\",\"datePublished\":\"2026-02-02T15:49:35+00:00\",\"dateModified\":\"2026-02-24T14:46:15+00:00\",\"description\":\"Envia'ns el teu curr\u00edculum per treballar a Augustus Hotels a Cambrils. Tenim vacants en diversos departaments. Esperem rebre not\u00edcies teves!\",\"breadcrumb\":{\"@id\":\"https:\\\/\\\/augustushotels.es\\\/ca\\\/treballa-amb-nosaltres\\\/#breadcrumb\"},\"inLanguage\":\"ca\",\"potentialAction\":[{\"@type\":\"ReadAction\",\"target\":[\"https:\\\/\\\/augustushotels.es\\\/ca\\\/treballa-amb-nosaltres\\\/\"]}]},{\"@type\":\"ImageObject\",\"inLanguage\":\"ca\",\"@id\":\"https:\\\/\\\/augustushotels.es\\\/ca\\\/treballa-amb-nosaltres\\\/#primaryimage\",\"url\":\"https:\\\/\\\/augustushotels.es\\\/wp-content\\\/uploads\\\/2026\\\/02\\\/trabaja-nosotros.webp\",\"contentUrl\":\"https:\\\/\\\/augustushotels.es\\\/wp-content\\\/uploads\\\/2026\\\/02\\\/trabaja-nosotros.webp\"},{\"@type\":\"BreadcrumbList\",\"@id\":\"https:\\\/\\\/augustushotels.es\\\/ca\\\/treballa-amb-nosaltres\\\/#breadcrumb\",\"itemListElement\":[{\"@type\":\"ListItem\",\"position\":1,\"name\":\"Portada\",\"item\":\"https:\\\/\\\/augustushotels.es\\\/ca\\\/\"},{\"@type\":\"ListItem\",\"position\":2,\"name\":\"Treballa amb nosaltres\"}]},{\"@type\":\"WebSite\",\"@id\":\"https:\\\/\\\/augustushotels.es\\\/ca\\\/#website\",\"url\":\"https:\\\/\\\/augustushotels.es\\\/ca\\\/\",\"name\":\"Augustus Hotels\",\"description\":\"Hoteles en Cambrils en primera l\u00ednea de playa.\",\"publisher\":{\"@id\":\"https:\\\/\\\/augustushotels.es\\\/ca\\\/#organization\"},\"potentialAction\":[{\"@type\":\"SearchAction\",\"target\":{\"@type\":\"EntryPoint\",\"urlTemplate\":\"https:\\\/\\\/augustushotels.es\\\/ca\\\/?s={search_term_string}\"},\"query-input\":{\"@type\":\"PropertyValueSpecification\",\"valueRequired\":true,\"valueName\":\"search_term_string\"}}],\"inLanguage\":\"ca\"},{\"@type\":\"Organization\",\"@id\":\"https:\\\/\\\/augustushotels.es\\\/ca\\\/#organization\",\"name\":\"Augustus Hotels\",\"url\":\"https:\\\/\\\/augustushotels.es\\\/ca\\\/\",\"logo\":{\"@type\":\"ImageObject\",\"inLanguage\":\"ca\",\"@id\":\"https:\\\/\\\/augustushotels.es\\\/ca\\\/#\\\/schema\\\/logo\\\/image\\\/\",\"url\":\"https:\\\/\\\/augustushotels.es\\\/wp-content\\\/uploads\\\/2024\\\/04\\\/cropped-A2-Hoteles.png\",\"contentUrl\":\"https:\\\/\\\/augustushotels.es\\\/wp-content\\\/uploads\\\/2024\\\/04\\\/cropped-A2-Hoteles.png\",\"width\":442,\"height\":225,\"caption\":\"Augustus Hotels\"},\"image\":{\"@id\":\"https:\\\/\\\/augustushotels.es\\\/ca\\\/#\\\/schema\\\/logo\\\/image\\\/\"}}]}<\/script>\n<!-- \/ Yoast SEO plugin. -->","yoast_head_json":{"title":"Treballa amb nosaltres | Augustus Hotels","description":"Envia'ns el teu curr\u00edculum per treballar a Augustus Hotels a Cambrils. Tenim vacants en diversos departaments. Esperem rebre not\u00edcies teves!","robots":{"index":"index","follow":"follow","max-snippet":"max-snippet:-1","max-image-preview":"max-image-preview:large","max-video-preview":"max-video-preview:-1"},"canonical":"https:\/\/augustushotels.es\/ca\/treballa-amb-nosaltres\/","schema":{"@context":"https:\/\/schema.org","@graph":[{"@type":"WebPage","@id":"https:\/\/augustushotels.es\/ca\/treballa-amb-nosaltres\/","url":"https:\/\/augustushotels.es\/ca\/treballa-amb-nosaltres\/","name":"Treballa amb nosaltres | Augustus Hotels","isPartOf":{"@id":"https:\/\/augustushotels.es\/ca\/#website"},"primaryImageOfPage":{"@id":"https:\/\/augustushotels.es\/ca\/treballa-amb-nosaltres\/#primaryimage"},"image":{"@id":"https:\/\/augustushotels.es\/ca\/treballa-amb-nosaltres\/#primaryimage"},"thumbnailUrl":"https:\/\/augustushotels.es\/wp-content\/uploads\/2026\/02\/trabaja-nosotros.webp","datePublished":"2026-02-02T15:49:35+00:00","dateModified":"2026-02-24T14:46:15+00:00","description":"Envia'ns el teu curr\u00edculum per treballar a Augustus Hotels a Cambrils. Tenim vacants en diversos departaments. Esperem rebre not\u00edcies teves!","breadcrumb":{"@id":"https:\/\/augustushotels.es\/ca\/treballa-amb-nosaltres\/#breadcrumb"},"inLanguage":"ca","potentialAction":[{"@type":"ReadAction","target":["https:\/\/augustushotels.es\/ca\/treballa-amb-nosaltres\/"]}]},{"@type":"ImageObject","inLanguage":"ca","@id":"https:\/\/augustushotels.es\/ca\/treballa-amb-nosaltres\/#primaryimage","url":"https:\/\/augustushotels.es\/wp-content\/uploads\/2026\/02\/trabaja-nosotros.webp","contentUrl":"https:\/\/augustushotels.es\/wp-content\/uploads\/2026\/02\/trabaja-nosotros.webp"},{"@type":"BreadcrumbList","@id":"https:\/\/augustushotels.es\/ca\/treballa-amb-nosaltres\/#breadcrumb","itemListElement":[{"@type":"ListItem","position":1,"name":"Portada","item":"https:\/\/augustushotels.es\/ca\/"},{"@type":"ListItem","position":2,"name":"Treballa amb nosaltres"}]},{"@type":"WebSite","@id":"https:\/\/augustushotels.es\/ca\/#website","url":"https:\/\/augustushotels.es\/ca\/","name":"Augustus Hotels","description":"Hoteles en Cambrils en primera l\u00ednea de playa.","publisher":{"@id":"https:\/\/augustushotels.es\/ca\/#organization"},"potentialAction":[{"@type":"SearchAction","target":{"@type":"EntryPoint","urlTemplate":"https:\/\/augustushotels.es\/ca\/?s={search_term_string}"},"query-input":{"@type":"PropertyValueSpecification","valueRequired":true,"valueName":"search_term_string"}}],"inLanguage":"ca"},{"@type":"Organization","@id":"https:\/\/augustushotels.es\/ca\/#organization","name":"Augustus Hotels","url":"https:\/\/augustushotels.es\/ca\/","logo":{"@type":"ImageObject","inLanguage":"ca","@id":"https:\/\/augustushotels.es\/ca\/#\/schema\/logo\/image\/","url":"https:\/\/augustushotels.es\/wp-content\/uploads\/2024\/04\/cropped-A2-Hoteles.png","contentUrl":"https:\/\/augustushotels.es\/wp-content\/uploads\/2024\/04\/cropped-A2-Hoteles.png","width":442,"height":225,"caption":"Augustus Hotels"},"image":{"@id":"https:\/\/augustushotels.es\/ca\/#\/schema\/logo\/image\/"}}]}},"_links":{"self":[{"href":"https:\/\/augustushotels.es\/ca\/wp-json\/wp\/v2\/pages\/21634","targetHints":{"allow":["GET"]}}],"collection":[{"href":"https:\/\/augustushotels.es\/ca\/wp-json\/wp\/v2\/pages"}],"about":[{"href":"https:\/\/augustushotels.es\/ca\/wp-json\/wp\/v2\/types\/page"}],"author":[{"embeddable":true,"href":"https:\/\/augustushotels.es\/ca\/wp-json\/wp\/v2\/users\/1"}],"replies":[{"embeddable":true,"href":"https:\/\/augustushotels.es\/ca\/wp-json\/wp\/v2\/comments?post=21634"}],"version-history":[{"count":0,"href":"https:\/\/augustushotels.es\/ca\/wp-json\/wp\/v2\/pages\/21634\/revisions"}],"wp:attachment":[{"href":"https:\/\/augustushotels.es\/ca\/wp-json\/wp\/v2\/media?parent=21634"}],"curies":[{"name":"wp","href":"https:\/\/api.w.org\/{rel}","templated":true}]}}