{"id":21512,"date":"2026-01-28T11:08:44","date_gmt":"2026-01-28T10:08:44","guid":{"rendered":"https:\/\/augustushotels.es\/serveis\/"},"modified":"2026-02-24T10:42:06","modified_gmt":"2026-02-24T09:42:06","slug":"serveis","status":"publish","type":"page","link":"https:\/\/augustushotels.es\/ca\/serveis\/","title":{"rendered":"Serveis"},"content":{"rendered":"\t\t<div data-elementor-type=\"wp-page\" data-elementor-id=\"21512\" class=\"elementor elementor-21512 elementor-17839\" data-elementor-post-type=\"page\">\n\t\t\t\t<div class=\"elementor-element elementor-element-2641406 cs-section-content-fullwidth cs_scroll_y_120 cs-parallax-on-scroll e-flex e-con-boxed e-con e-parent\" data-id=\"2641406\" data-element_type=\"container\" data-e-type=\"container\" data-settings=\"{&quot;background_background&quot;:&quot;classic&quot;}\" data-cs-parallax-y=\"120\" style=\"background-image: none;\" data-cs-background-image=\"https:\/\/augustushotels.es\/wp-content\/uploads\/2026\/02\/hotel-piscina-cambrils.webp\">\n\t\t\t\t\t<div class=\"e-con-inner\">\n\t\t\t\t<div class=\"elementor-element elementor-element-d48b93b elementor-widget elementor-widget-heading\" data-id=\"d48b93b\" data-element_type=\"widget\" data-e-type=\"widget\" data-widget_type=\"heading.default\">\n\t\t\t\t\t<h1 class=\"elementor-heading-title elementor-size-default\">Serveis<\/h1>\t\t\t\t<\/div>\n\t\t\t\t\t<\/div>\n\t\t\t\t<\/div>\n\t\t<div class=\"elementor-element elementor-element-1aae51e e-flex e-con-boxed e-con e-parent\" data-id=\"1aae51e\" data-element_type=\"container\" data-e-type=\"container\">\n\t\t\t\t\t<div class=\"e-con-inner\">\n\t\t\t\t<div class=\"elementor-element elementor-element-1c2b8c2 elementor-widget elementor-widget-cs_title\" data-id=\"1c2b8c2\" data-element_type=\"widget\" data-e-type=\"widget\" data-widget_type=\"cs_title.default\">\n\t\t\t\t<div class=\"elementor-widget-container\">\n\t\t\t\t\t\n        <div class=\"cs-title-wrap text-center\">\t            <div class=\"cs-subtitle-wrap\"><span class=\"cs-subtitle\">AUGUSTUS HOTELS<\/span><\/div>\t            <h2 class=\"cs-title\">\n\t                Els nostres serveis\t            <\/h2>\t            <div class=\"cs-title-text\">\n\t                <p class=\"heading__secondary\">Els Hotels Augustus t&#8217;ofereixen tots els serveis que necessites<\/p>\t            <\/div>        <\/div>\t\t\t\t<\/div>\n\t\t\t\t<\/div>\n\t\t\t\t\t<\/div>\n\t\t\t\t<\/div>\n\t\t<div class=\"elementor-element elementor-element-8a39020 e-flex e-con-boxed e-con e-parent\" data-id=\"8a39020\" data-element_type=\"container\" data-e-type=\"container\">\n\t\t\t\t\t<div class=\"e-con-inner\">\n\t\t\t\t<div class=\"elementor-element elementor-element-e0348be e-n-tabs-mobile elementor-widget elementor-widget-n-tabs\" data-id=\"e0348be\" data-element_type=\"widget\" data-e-type=\"widget\" data-widget_type=\"nested-tabs.default\">\n\t\t\t\t\t\t\t<div class=\"e-n-tabs\" data-widget-number=\"235096254\" aria-label=\"Tabuladors. Obre elements amb Retorn o Espai, tanca amb Esc i navega amb les tecles de fletxa.\">\n\t\t\t<div class=\"e-n-tabs-heading\" role=\"tablist\">\n\t\t\t\t\t<button id=\"e-n-tab-title-2350962541\" data-tab-title-id=\"e-n-tab-title-2350962541\" class=\"e-n-tab-title\" aria-selected=\"true\" data-tab-index=\"1\" role=\"tab\" tabindex=\"0\" aria-controls=\"e-n-tab-content-2350962541\" style=\"--n-tabs-title-order: 1;\">\n\t\t\t\t\t\t<span class=\"e-n-tab-title-text\">\n\t\t\t\tBugaderia\t\t\t<\/span>\n\t\t<\/button>\n\t\t\t\t<button id=\"e-n-tab-title-2350962542\" data-tab-title-id=\"e-n-tab-title-2350962542\" class=\"e-n-tab-title\" aria-selected=\"false\" data-tab-index=\"2\" role=\"tab\" tabindex=\"-1\" aria-controls=\"e-n-tab-content-2350962542\" style=\"--n-tabs-title-order: 2;\">\n\t\t\t\t\t\t<span class=\"e-n-tab-title-text\">\n\t\t\t\tP\u00e0rquing privat\t\t\t<\/span>\n\t\t<\/button>\n\t\t\t\t<button id=\"e-n-tab-title-2350962543\" data-tab-title-id=\"e-n-tab-title-2350962543\" class=\"e-n-tab-title\" aria-selected=\"false\" data-tab-index=\"3\" role=\"tab\" tabindex=\"-1\" aria-controls=\"e-n-tab-content-2350962543\" style=\"--n-tabs-title-order: 3;\">\n\t\t\t\t\t\t<span class=\"e-n-tab-title-text\">\n\t\t\t\tLloguer de cotxes i bicicletes\t\t\t<\/span>\n\t\t<\/button>\n\t\t\t\t<button id=\"e-n-tab-title-2350962544\" data-tab-title-id=\"e-n-tab-title-2350962544\" class=\"e-n-tab-title\" aria-selected=\"false\" data-tab-index=\"4\" role=\"tab\" tabindex=\"-1\" aria-controls=\"e-n-tab-content-2350962544\" style=\"--n-tabs-title-order: 4;\">\n\t\t\t\t\t\t<span class=\"e-n-tab-title-text\">\n\t\t\t\tInstal\u00b7lacions per a bicicletes\t\t\t<\/span>\n\t\t<\/button>\n\t\t\t\t<button id=\"e-n-tab-title-2350962545\" data-tab-title-id=\"e-n-tab-title-2350962545\" class=\"e-n-tab-title\" aria-selected=\"false\" data-tab-index=\"5\" role=\"tab\" tabindex=\"-1\" aria-controls=\"e-n-tab-content-2350962545\" style=\"--n-tabs-title-order: 5;\">\n\t\t\t\t\t\t<span class=\"e-n-tab-title-text\">\n\t\t\t\tMiniclub\t\t\t<\/span>\n\t\t<\/button>\n\t\t\t\t<button id=\"e-n-tab-title-2350962546\" data-tab-title-id=\"e-n-tab-title-2350962546\" class=\"e-n-tab-title\" aria-selected=\"false\" data-tab-index=\"6\" role=\"tab\" tabindex=\"-1\" aria-controls=\"e-n-tab-content-2350962546\" style=\"--n-tabs-title-order: 6;\">\n\t\t\t\t\t\t<span class=\"e-n-tab-title-text\">\n\t\t\t\tServei de transfer (de pagament)\t\t\t<\/span>\n\t\t<\/button>\n\t\t\t\t<button id=\"e-n-tab-title-2350962547\" data-tab-title-id=\"e-n-tab-title-2350962547\" class=\"e-n-tab-title\" aria-selected=\"false\" data-tab-index=\"7\" role=\"tab\" tabindex=\"-1\" aria-controls=\"e-n-tab-content-2350962547\" style=\"--n-tabs-title-order: 7;\">\n\t\t\t\t\t\t<span class=\"e-n-tab-title-text\">\n\t\t\t\tCites m\u00e8diques (de pagament)\t\t\t<\/span>\n\t\t<\/button>\n\t\t\t\t\t<\/div>\n\t\t\t<div class=\"e-n-tabs-content\">\n\t\t\t\t<div id=\"e-n-tab-content-2350962541\" role=\"tabpanel\" aria-labelledby=\"e-n-tab-title-2350962541\" data-tab-index=\"1\" style=\"--n-tabs-title-order: 1;\" class=\"e-active elementor-element elementor-element-579363f e-flex e-con-boxed e-con e-child\" data-id=\"579363f\" data-element_type=\"container\" data-e-type=\"container\">\n\t\t\t\t\t<div class=\"e-con-inner\">\n\t\t<div class=\"elementor-element elementor-element-2184319 e-flex e-con-boxed e-con e-child\" data-id=\"2184319\" data-element_type=\"container\" data-e-type=\"container\">\n\t\t\t\t\t<div class=\"e-con-inner\">\n\t\t\t\t<div class=\"elementor-element elementor-element-acd8364 elementor-widget elementor-widget-image\" data-id=\"acd8364\" data-element_type=\"widget\" data-e-type=\"widget\" data-widget_type=\"image.default\">\n\t\t\t\t\t\t\t\t\t\t\t\t\t\t\t<img decoding=\"async\" src=\"https:\/\/augustushotels.es\/wp-content\/uploads\/elementor\/thumbs\/lavanderia-augustus-rjbzfcwn9qtaw6wbda7kczxzyykurm8pu75akjm1w0.webp\" title=\"bugaderia augustus\" alt=\"bugaderia augustus\" loading=\"lazy\" \/>\t\t\t\t\t\t\t\t\t\t\t\t\t\t\t<\/div>\n\t\t\t\t<div class=\"elementor-element elementor-element-df6c5bb elementor-widget elementor-widget-text-editor\" data-id=\"df6c5bb\" data-element_type=\"widget\" data-e-type=\"widget\" data-widget_type=\"text-editor.default\">\n\t\t\t\t\t\t\t\t\t<p><span style=\"font-weight: 400\">Consulta a recepci\u00f3 el seu funcionament. <\/span><\/p>\t\t\t\t\t\t\t\t<\/div>\n\t\t\t\t\t<\/div>\n\t\t\t\t<\/div>\n\t\t\t\t\t<\/div>\n\t\t\t\t<\/div>\n\t\t<div id=\"e-n-tab-content-2350962542\" role=\"tabpanel\" aria-labelledby=\"e-n-tab-title-2350962542\" data-tab-index=\"2\" style=\"--n-tabs-title-order: 2;\" class=\" elementor-element elementor-element-1f25e35 e-flex e-con-boxed e-con e-child\" data-id=\"1f25e35\" data-element_type=\"container\" data-e-type=\"container\">\n\t\t\t\t\t<div class=\"e-con-inner\">\n\t\t<div class=\"elementor-element elementor-element-9948471 e-flex e-con-boxed e-con e-child\" data-id=\"9948471\" data-element_type=\"container\" data-e-type=\"container\">\n\t\t\t\t\t<div class=\"e-con-inner\">\n\t\t\t\t<div class=\"elementor-element elementor-element-43dbf0d elementor-widget elementor-widget-image\" data-id=\"43dbf0d\" data-element_type=\"widget\" data-e-type=\"widget\" data-widget_type=\"image.default\">\n\t\t\t\t\t\t\t\t\t\t\t\t\t\t\t<img decoding=\"async\" src=\"https:\/\/augustushotels.es\/wp-content\/uploads\/elementor\/thumbs\/parking-augustus-rjbz49f8l5mftx0l5zj4far3i79uw96sn9vxly2dcg.webp\" title=\"p\u00e0rquing augustus\" alt=\"p\u00e0rquing augustus\" loading=\"lazy\" \/>\t\t\t\t\t\t\t\t\t\t\t\t\t\t\t<\/div>\n\t\t\t\t<div class=\"elementor-element elementor-element-70f264a elementor-widget elementor-widget-text-editor\" data-id=\"70f264a\" data-element_type=\"widget\" data-e-type=\"widget\" data-widget_type=\"text-editor.default\">\n\t\t\t\t\t\t\t\t\t<p><span style=\"font-weight: 400\"> Disposem d\u2019un p\u00e0rquing privat, vigilat i de pagament, situat just al costat de l\u2019Hotel C\u00e9sar Augustus. L\u2019al\u00e7ada m\u00e0xima permesa \u00e9s de 2,50 metres. <\/span><\/p>\t\t\t\t\t\t\t\t<\/div>\n\t\t\t\t\t<\/div>\n\t\t\t\t<\/div>\n\t\t\t\t\t<\/div>\n\t\t\t\t<\/div>\n\t\t<div id=\"e-n-tab-content-2350962543\" role=\"tabpanel\" aria-labelledby=\"e-n-tab-title-2350962543\" data-tab-index=\"3\" style=\"--n-tabs-title-order: 3;\" class=\" elementor-element elementor-element-79ebe29 e-con-full e-flex e-con e-child\" data-id=\"79ebe29\" data-element_type=\"container\" data-e-type=\"container\">\n\t\t<div class=\"elementor-element elementor-element-95ff3c6 e-flex e-con-boxed e-con e-child\" data-id=\"95ff3c6\" data-element_type=\"container\" data-e-type=\"container\">\n\t\t\t\t\t<div class=\"e-con-inner\">\n\t\t\t\t<div class=\"elementor-element elementor-element-0507f38 elementor-widget elementor-widget-image\" data-id=\"0507f38\" data-element_type=\"widget\" data-e-type=\"widget\" data-widget_type=\"image.default\">\n\t\t\t\t\t\t\t\t\t\t\t\t\t\t\t<img decoding=\"async\" src=\"https:\/\/augustushotels.es\/wp-content\/uploads\/elementor\/thumbs\/alquiler-coche-cambrils-rjbzid033ox9zcjau2xntqo0a9s2ct5ul264rd5s0g.webp\" title=\"lloguer cotxe cambrils\" alt=\"lloguer cotxe cambrils\" loading=\"lazy\" \/>\t\t\t\t\t\t\t\t\t\t\t\t\t\t\t<\/div>\n\t\t\t\t<div class=\"elementor-element elementor-element-cd56453 elementor-widget elementor-widget-text-editor\" data-id=\"cd56453\" data-element_type=\"widget\" data-e-type=\"widget\" data-widget_type=\"text-editor.default\">\n\t\t\t\t\t\t\t\t\t<p><span style=\"font-weight: 400\">Consulta a recepci\u00f3 per a m\u00e9s informaci\u00f3.<\/span><\/p>\t\t\t\t\t\t\t\t<\/div>\n\t\t\t\t\t<\/div>\n\t\t\t\t<\/div>\n\t\t\t\t<\/div>\n\t\t<div id=\"e-n-tab-content-2350962544\" role=\"tabpanel\" aria-labelledby=\"e-n-tab-title-2350962544\" data-tab-index=\"4\" style=\"--n-tabs-title-order: 4;\" class=\" elementor-element elementor-element-fd5a196 e-con-full e-flex e-con e-child\" data-id=\"fd5a196\" data-element_type=\"container\" data-e-type=\"container\">\n\t\t<div class=\"elementor-element elementor-element-251e01e e-flex e-con-boxed e-con e-child\" data-id=\"251e01e\" data-element_type=\"container\" data-e-type=\"container\">\n\t\t\t\t\t<div class=\"e-con-inner\">\n\t\t\t\t<div class=\"elementor-element elementor-element-006a277 elementor-widget elementor-widget-image\" data-id=\"006a277\" data-element_type=\"widget\" data-e-type=\"widget\" data-widget_type=\"image.default\">\n\t\t\t\t\t\t\t\t\t\t\t\t\t\t\t<img decoding=\"async\" src=\"https:\/\/augustushotels.es\/wp-content\/uploads\/elementor\/thumbs\/cicloturismo-cambrils-rjbx4tot6ftxgss6b3vuxbpy7zdlwdl6tozgkvzi8g.webp\" title=\"cicloturisme cambrils\" alt=\"cicloturisme cambrils\" loading=\"lazy\" \/>\t\t\t\t\t\t\t\t\t\t\t\t\t\t\t<\/div>\n\t\t\t\t<div class=\"elementor-element elementor-element-9dab7af elementor-widget elementor-widget-text-editor\" data-id=\"9dab7af\" data-element_type=\"widget\" data-e-type=\"widget\" data-widget_type=\"text-editor.default\">\n\t\t\t\t\t\t\t\t\t<p><span style=\"font-weight: 400\">Comptem amb un local protegit amb alarma i capacitat per a 55 bicicletes, a m\u00e9s d\u2019una zona de taller i una zona de rentat.<\/span><\/p>\t\t\t\t\t\t\t\t<\/div>\n\t\t\t\t\t<\/div>\n\t\t\t\t<\/div>\n\t\t\t\t<\/div>\n\t\t<div id=\"e-n-tab-content-2350962545\" role=\"tabpanel\" aria-labelledby=\"e-n-tab-title-2350962545\" data-tab-index=\"5\" style=\"--n-tabs-title-order: 5;\" class=\" elementor-element elementor-element-ed8628f e-flex e-con-boxed e-con e-child\" data-id=\"ed8628f\" data-element_type=\"container\" data-e-type=\"container\">\n\t\t\t\t\t<div class=\"e-con-inner\">\n\t\t<div class=\"elementor-element elementor-element-0347e65 e-flex e-con-boxed e-con e-child\" data-id=\"0347e65\" data-element_type=\"container\" data-e-type=\"container\">\n\t\t\t\t\t<div class=\"e-con-inner\">\n\t\t\t\t<div class=\"elementor-element elementor-element-d7dd0f5 elementor-widget elementor-widget-image\" data-id=\"d7dd0f5\" data-element_type=\"widget\" data-e-type=\"widget\" data-widget_type=\"image.default\">\n\t\t\t\t\t\t\t\t\t\t\t\t\t\t\t<img decoding=\"async\" src=\"https:\/\/augustushotels.es\/wp-content\/uploads\/elementor\/thumbs\/Miniclub-Augustus-rjbzb9bzgr7a9euob0f4zj6mpgs874yuxwq283ov0w.webp\" title=\"Miniclub Augustus\" alt=\"miniclub augustus\" loading=\"lazy\" \/>\t\t\t\t\t\t\t\t\t\t\t\t\t\t\t<\/div>\n\t\t\t\t<div class=\"elementor-element elementor-element-bfd1fec elementor-widget elementor-widget-text-editor\" data-id=\"bfd1fec\" data-element_type=\"widget\" data-e-type=\"widget\" data-widget_type=\"text-editor.default\">\n\t\t\t\t\t\t\t\t\t<p><span style=\"font-weight: 400\">Servei per a nens de 4 a 12 anys. Els pares han de romandre a l\u2019hotel mentre els nens s\u00f3n al Miniclub. A l\u2019Hotel C\u00e9sar Augustus, aquest servei nom\u00e9s est\u00e0 disponible de juny a setembre.  <\/span><\/p>\t\t\t\t\t\t\t\t<\/div>\n\t\t\t\t\t<\/div>\n\t\t\t\t<\/div>\n\t\t\t\t\t<\/div>\n\t\t\t\t<\/div>\n\t\t<div id=\"e-n-tab-content-2350962546\" role=\"tabpanel\" aria-labelledby=\"e-n-tab-title-2350962546\" data-tab-index=\"6\" style=\"--n-tabs-title-order: 6;\" class=\" elementor-element elementor-element-ea96fd6 e-flex e-con-boxed e-con e-child\" data-id=\"ea96fd6\" data-element_type=\"container\" data-e-type=\"container\">\n\t\t\t\t\t<div class=\"e-con-inner\">\n\t\t<div class=\"elementor-element elementor-element-e456888 e-flex e-con-boxed e-con e-child\" data-id=\"e456888\" data-element_type=\"container\" data-e-type=\"container\">\n\t\t\t\t\t<div class=\"e-con-inner\">\n\t\t\t\t<div class=\"elementor-element elementor-element-2d43399 elementor-widget elementor-widget-image\" data-id=\"2d43399\" data-element_type=\"widget\" data-e-type=\"widget\" data-widget_type=\"image.default\">\n\t\t\t\t\t\t\t\t\t\t\t\t\t\t\t<img decoding=\"async\" src=\"https:\/\/augustushotels.es\/wp-content\/uploads\/elementor\/thumbs\/transfer-augustus-rjbzmep2j0gpywno7bwu27wgcztyhw88t3ae595r80.webp\" title=\"transfer augustus\" alt=\"transfer augustus\" loading=\"lazy\" \/>\t\t\t\t\t\t\t\t\t\t\t\t\t\t\t<\/div>\n\t\t\t\t<div class=\"elementor-element elementor-element-297755c elementor-widget elementor-widget-text-editor\" data-id=\"297755c\" data-element_type=\"widget\" data-e-type=\"widget\" data-widget_type=\"text-editor.default\">\n\t\t\t\t\t\t\t\t\t<p><span style=\"font-weight: 400\">Consulta a recepci\u00f3 per a m\u00e9s informaci\u00f3.<\/span><\/p>\t\t\t\t\t\t\t\t<\/div>\n\t\t\t\t\t<\/div>\n\t\t\t\t<\/div>\n\t\t\t\t\t<\/div>\n\t\t\t\t<\/div>\n\t\t<div id=\"e-n-tab-content-2350962547\" role=\"tabpanel\" aria-labelledby=\"e-n-tab-title-2350962547\" data-tab-index=\"7\" style=\"--n-tabs-title-order: 7;\" class=\" elementor-element elementor-element-47bf75a e-flex e-con-boxed e-con e-child\" data-id=\"47bf75a\" data-element_type=\"container\" data-e-type=\"container\">\n\t\t\t\t\t<div class=\"e-con-inner\">\n\t\t<div class=\"elementor-element elementor-element-054963b e-flex e-con-boxed e-con e-child\" data-id=\"054963b\" data-element_type=\"container\" data-e-type=\"container\">\n\t\t\t\t\t<div class=\"e-con-inner\">\n\t\t\t\t<div class=\"elementor-element elementor-element-a0115d5 elementor-widget elementor-widget-image\" data-id=\"a0115d5\" data-element_type=\"widget\" data-e-type=\"widget\" data-widget_type=\"image.default\">\n\t\t\t\t\t\t\t\t\t\t\t\t\t\t\t<img decoding=\"async\" src=\"https:\/\/augustushotels.es\/wp-content\/uploads\/elementor\/thumbs\/doctor-augustus-rjbzrnmmopncsj18k3kuhe83rfyqh22aj2ezlvdmhc.webp\" title=\"doctor augustus\" alt=\"doctor augustus\" loading=\"lazy\" \/>\t\t\t\t\t\t\t\t\t\t\t\t\t\t\t<\/div>\n\t\t\t\t<div class=\"elementor-element elementor-element-64b58f6 elementor-widget elementor-widget-text-editor\" data-id=\"64b58f6\" data-element_type=\"widget\" data-e-type=\"widget\" data-widget_type=\"text-editor.default\">\n\t\t\t\t\t\t\t\t\t<p><span style=\"font-weight: 400\">Si necessites visitar un metge durant la teva estada, des de recepci\u00f3 ens encarregarem de contactar amb un professional.<\/span><\/p>\t\t\t\t\t\t\t\t<\/div>\n\t\t\t\t\t<\/div>\n\t\t\t\t<\/div>\n\t\t\t\t\t<\/div>\n\t\t\t\t<\/div>\n\t\t\t\t\t<\/div>\n\t\t<\/div>\n\t\t\t\t\t\t<\/div>\n\t\t\t\t\t<\/div>\n\t\t\t\t<\/div>\n\t\t\t\t<\/div>\n\t\t","protected":false},"excerpt":{"rendered":"<p>Serveis AUGUSTUS HOTELS Els nostres serveis Els Hotels Augustus t&#8217;ofereixen tots els serveis que necessites Bugaderia P\u00e0rquing privat Lloguer de cotxes i bicicletes Instal\u00b7lacions per a bicicletes Miniclub Servei de transfer (de pagament) Cites m\u00e8diques (de pagament) Consulta a recepci\u00f3 el seu funcionament. Disposem d\u2019un p\u00e0rquing privat, vigilat i de pagament, situat just al costat &#8230;<\/p>\n","protected":false},"author":1,"featured_media":0,"parent":0,"menu_order":0,"comment_status":"closed","ping_status":"closed","template":"elementor_header_footer","meta":{"cozystay_single_page_hide_site_header":"","cozystay_single_page_site_header_source":"","cozystay_single_page_custom_site_header":"0","cozystay_single_page_custom_sticky_site_header":"0","cozystay_single_page_hide_page_title":"","cozystay_single_page_header_section_size":"","cozystay_single_page_header_background_color":"","cozystay_single_page_header_background_position_x":"center","cozystay_single_page_header_background_position_y":"center","cozystay_single_page_header_background_size":"cover","cozystay_single_page_header_background_repeat":"off","cozystay_single_page_header_background_scroll":"on","cozystay_single_page_header_text_color":"","cozystay_single_page_header_show_breadcrumb":"","cozystay_single_page_site_footer_hide_main":"","cozystay_single_custom_site_footer_main_source":"","cozystay_single_custom_site_footer_main":"0","cozystay_single_page_site_footer_hide_above":"","cozystay_single_custom_site_footer_above_source":"","cozystay_single_custom_site_footer_above":"0","cozystay_single_page_site_footer_hide_instagram":"","cozystay_single_page_site_footer_hide_bottom":"","cozystay_single_custom_mobile_menu_source":"","cozystay_single_custom_mobile_menu":"0","cozystay_single_custom_mobile_menu_animation":"","cozystay_single_custom_mobile_menu_width":"","cozystay_single_custom_mobile_menu_custom_width":375,"footnotes":""},"class_list":["post-21512","page","type-page","status-publish","hentry"],"yoast_head":"<!-- This site is optimized with the Yoast SEO plugin v27.4 - https:\/\/yoast.com\/product\/yoast-seo-wordpress\/ -->\n<title>Serveis | Augustus Hotels<\/title>\n<meta name=\"description\" content=\"Disposem de servei de bugaderia, p\u00e0rquing privat, miniclub, bicicletes, cites m\u00e8diques, lloguer de cotxes i m\u00e9s!\" \/>\n<meta name=\"robots\" content=\"index, follow, max-snippet:-1, max-image-preview:large, max-video-preview:-1\" \/>\n<link rel=\"canonical\" href=\"https:\/\/augustushotels.es\/ca\/serveis\/\" \/>\n<script type=\"application\/ld+json\" class=\"yoast-schema-graph\">{\"@context\":\"https:\\\/\\\/schema.org\",\"@graph\":[{\"@type\":\"WebPage\",\"@id\":\"https:\\\/\\\/augustushotels.es\\\/ca\\\/serveis\\\/\",\"url\":\"https:\\\/\\\/augustushotels.es\\\/ca\\\/serveis\\\/\",\"name\":\"Serveis | Augustus Hotels\",\"isPartOf\":{\"@id\":\"https:\\\/\\\/augustushotels.es\\\/ca\\\/#website\"},\"primaryImageOfPage\":{\"@id\":\"https:\\\/\\\/augustushotels.es\\\/ca\\\/serveis\\\/#primaryimage\"},\"image\":{\"@id\":\"https:\\\/\\\/augustushotels.es\\\/ca\\\/serveis\\\/#primaryimage\"},\"thumbnailUrl\":\"https:\\\/\\\/augustushotels.es\\\/wp-content\\\/uploads\\\/elementor\\\/thumbs\\\/lavanderia-augustus-rjbzfcwn9qtaw6wbda7kczxzyykurm8pu75akjm1w0.webp\",\"datePublished\":\"2026-01-28T10:08:44+00:00\",\"dateModified\":\"2026-02-24T09:42:06+00:00\",\"description\":\"Disposem de servei de bugaderia, p\u00e0rquing privat, miniclub, bicicletes, cites m\u00e8diques, lloguer de cotxes i m\u00e9s!\",\"breadcrumb\":{\"@id\":\"https:\\\/\\\/augustushotels.es\\\/ca\\\/serveis\\\/#breadcrumb\"},\"inLanguage\":\"ca\",\"potentialAction\":[{\"@type\":\"ReadAction\",\"target\":[\"https:\\\/\\\/augustushotels.es\\\/ca\\\/serveis\\\/\"]}]},{\"@type\":\"ImageObject\",\"inLanguage\":\"ca\",\"@id\":\"https:\\\/\\\/augustushotels.es\\\/ca\\\/serveis\\\/#primaryimage\",\"url\":\"https:\\\/\\\/augustushotels.es\\\/wp-content\\\/uploads\\\/elementor\\\/thumbs\\\/lavanderia-augustus-rjbzfcwn9qtaw6wbda7kczxzyykurm8pu75akjm1w0.webp\",\"contentUrl\":\"https:\\\/\\\/augustushotels.es\\\/wp-content\\\/uploads\\\/elementor\\\/thumbs\\\/lavanderia-augustus-rjbzfcwn9qtaw6wbda7kczxzyykurm8pu75akjm1w0.webp\"},{\"@type\":\"BreadcrumbList\",\"@id\":\"https:\\\/\\\/augustushotels.es\\\/ca\\\/serveis\\\/#breadcrumb\",\"itemListElement\":[{\"@type\":\"ListItem\",\"position\":1,\"name\":\"Portada\",\"item\":\"https:\\\/\\\/augustushotels.es\\\/ca\\\/\"},{\"@type\":\"ListItem\",\"position\":2,\"name\":\"Serveis\"}]},{\"@type\":\"WebSite\",\"@id\":\"https:\\\/\\\/augustushotels.es\\\/ca\\\/#website\",\"url\":\"https:\\\/\\\/augustushotels.es\\\/ca\\\/\",\"name\":\"Augustus Hotels\",\"description\":\"Hoteles en Cambrils en primera l\u00ednea de playa.\",\"publisher\":{\"@id\":\"https:\\\/\\\/augustushotels.es\\\/ca\\\/#organization\"},\"potentialAction\":[{\"@type\":\"SearchAction\",\"target\":{\"@type\":\"EntryPoint\",\"urlTemplate\":\"https:\\\/\\\/augustushotels.es\\\/ca\\\/?s={search_term_string}\"},\"query-input\":{\"@type\":\"PropertyValueSpecification\",\"valueRequired\":true,\"valueName\":\"search_term_string\"}}],\"inLanguage\":\"ca\"},{\"@type\":\"Organization\",\"@id\":\"https:\\\/\\\/augustushotels.es\\\/ca\\\/#organization\",\"name\":\"Augustus Hotels\",\"url\":\"https:\\\/\\\/augustushotels.es\\\/ca\\\/\",\"logo\":{\"@type\":\"ImageObject\",\"inLanguage\":\"ca\",\"@id\":\"https:\\\/\\\/augustushotels.es\\\/ca\\\/#\\\/schema\\\/logo\\\/image\\\/\",\"url\":\"https:\\\/\\\/augustushotels.es\\\/wp-content\\\/uploads\\\/2024\\\/04\\\/cropped-A2-Hoteles.png\",\"contentUrl\":\"https:\\\/\\\/augustushotels.es\\\/wp-content\\\/uploads\\\/2024\\\/04\\\/cropped-A2-Hoteles.png\",\"width\":442,\"height\":225,\"caption\":\"Augustus Hotels\"},\"image\":{\"@id\":\"https:\\\/\\\/augustushotels.es\\\/ca\\\/#\\\/schema\\\/logo\\\/image\\\/\"}}]}<\/script>\n<!-- \/ Yoast SEO plugin. -->","yoast_head_json":{"title":"Serveis | Augustus Hotels","description":"Disposem de servei de bugaderia, p\u00e0rquing privat, miniclub, bicicletes, cites m\u00e8diques, lloguer de cotxes i m\u00e9s!","robots":{"index":"index","follow":"follow","max-snippet":"max-snippet:-1","max-image-preview":"max-image-preview:large","max-video-preview":"max-video-preview:-1"},"canonical":"https:\/\/augustushotels.es\/ca\/serveis\/","schema":{"@context":"https:\/\/schema.org","@graph":[{"@type":"WebPage","@id":"https:\/\/augustushotels.es\/ca\/serveis\/","url":"https:\/\/augustushotels.es\/ca\/serveis\/","name":"Serveis | Augustus Hotels","isPartOf":{"@id":"https:\/\/augustushotels.es\/ca\/#website"},"primaryImageOfPage":{"@id":"https:\/\/augustushotels.es\/ca\/serveis\/#primaryimage"},"image":{"@id":"https:\/\/augustushotels.es\/ca\/serveis\/#primaryimage"},"thumbnailUrl":"https:\/\/augustushotels.es\/wp-content\/uploads\/elementor\/thumbs\/lavanderia-augustus-rjbzfcwn9qtaw6wbda7kczxzyykurm8pu75akjm1w0.webp","datePublished":"2026-01-28T10:08:44+00:00","dateModified":"2026-02-24T09:42:06+00:00","description":"Disposem de servei de bugaderia, p\u00e0rquing privat, miniclub, bicicletes, cites m\u00e8diques, lloguer de cotxes i m\u00e9s!","breadcrumb":{"@id":"https:\/\/augustushotels.es\/ca\/serveis\/#breadcrumb"},"inLanguage":"ca","potentialAction":[{"@type":"ReadAction","target":["https:\/\/augustushotels.es\/ca\/serveis\/"]}]},{"@type":"ImageObject","inLanguage":"ca","@id":"https:\/\/augustushotels.es\/ca\/serveis\/#primaryimage","url":"https:\/\/augustushotels.es\/wp-content\/uploads\/elementor\/thumbs\/lavanderia-augustus-rjbzfcwn9qtaw6wbda7kczxzyykurm8pu75akjm1w0.webp","contentUrl":"https:\/\/augustushotels.es\/wp-content\/uploads\/elementor\/thumbs\/lavanderia-augustus-rjbzfcwn9qtaw6wbda7kczxzyykurm8pu75akjm1w0.webp"},{"@type":"BreadcrumbList","@id":"https:\/\/augustushotels.es\/ca\/serveis\/#breadcrumb","itemListElement":[{"@type":"ListItem","position":1,"name":"Portada","item":"https:\/\/augustushotels.es\/ca\/"},{"@type":"ListItem","position":2,"name":"Serveis"}]},{"@type":"WebSite","@id":"https:\/\/augustushotels.es\/ca\/#website","url":"https:\/\/augustushotels.es\/ca\/","name":"Augustus Hotels","description":"Hoteles en Cambrils en primera l\u00ednea de playa.","publisher":{"@id":"https:\/\/augustushotels.es\/ca\/#organization"},"potentialAction":[{"@type":"SearchAction","target":{"@type":"EntryPoint","urlTemplate":"https:\/\/augustushotels.es\/ca\/?s={search_term_string}"},"query-input":{"@type":"PropertyValueSpecification","valueRequired":true,"valueName":"search_term_string"}}],"inLanguage":"ca"},{"@type":"Organization","@id":"https:\/\/augustushotels.es\/ca\/#organization","name":"Augustus Hotels","url":"https:\/\/augustushotels.es\/ca\/","logo":{"@type":"ImageObject","inLanguage":"ca","@id":"https:\/\/augustushotels.es\/ca\/#\/schema\/logo\/image\/","url":"https:\/\/augustushotels.es\/wp-content\/uploads\/2024\/04\/cropped-A2-Hoteles.png","contentUrl":"https:\/\/augustushotels.es\/wp-content\/uploads\/2024\/04\/cropped-A2-Hoteles.png","width":442,"height":225,"caption":"Augustus Hotels"},"image":{"@id":"https:\/\/augustushotels.es\/ca\/#\/schema\/logo\/image\/"}}]}},"_links":{"self":[{"href":"https:\/\/augustushotels.es\/ca\/wp-json\/wp\/v2\/pages\/21512","targetHints":{"allow":["GET"]}}],"collection":[{"href":"https:\/\/augustushotels.es\/ca\/wp-json\/wp\/v2\/pages"}],"about":[{"href":"https:\/\/augustushotels.es\/ca\/wp-json\/wp\/v2\/types\/page"}],"author":[{"embeddable":true,"href":"https:\/\/augustushotels.es\/ca\/wp-json\/wp\/v2\/users\/1"}],"replies":[{"embeddable":true,"href":"https:\/\/augustushotels.es\/ca\/wp-json\/wp\/v2\/comments?post=21512"}],"version-history":[{"count":0,"href":"https:\/\/augustushotels.es\/ca\/wp-json\/wp\/v2\/pages\/21512\/revisions"}],"wp:attachment":[{"href":"https:\/\/augustushotels.es\/ca\/wp-json\/wp\/v2\/media?parent=21512"}],"curies":[{"name":"wp","href":"https:\/\/api.w.org\/{rel}","templated":true}]}}